{"id":50674,"date":"2024-10-11T15:35:08","date_gmt":"2024-10-11T13:35:12","guid":{"rendered":"https:\/\/www.pijama.it\/?post_type=product&#038;p=50674"},"modified":"2024-10-11T16:15:51","modified_gmt":"2024-10-11T14:15:51","slug":"housse-a-stylos-velvet-cream","status":"publish","type":"product","link":"https:\/\/www.pijama.it\/fr\/produit\/housse-a-stylos-velvet-cream\/","title":{"rendered":"Housse A Stylos Velvet Cream"},"content":{"rendered":"<p>[et_pb_section fb_built=\u00a0\u00bb1&Prime; _builder_version=\u00a0\u00bb4.16&Prime; background_color=\u00a0\u00bb#fafafa\u00a0\u00bb module_alignment=\u00a0\u00bbcenter\u00a0\u00bb custom_padding=\u00a0\u00bb0px||||false|false\u00a0\u00bb global_colors_info=\u00a0\u00bb{}\u00a0\u00bb][et_pb_row _builder_version=\u00a0\u00bb4.16&Prime; background_size=\u00a0\u00bbinitial\u00a0\u00bb background_position=\u00a0\u00bbtop_left\u00a0\u00bb background_repeat=\u00a0\u00bbrepeat\u00a0\u00bb width=\u00a0\u00bb100%\u00a0\u00bb max_width=\u00a0\u00bb1690px\u00a0\u00bb custom_padding=\u00a0\u00bb0px||0px||false|false\u00a0\u00bb global_colors_info=\u00a0\u00bb{}\u00a0\u00bb][et_pb_column type=\u00a0\u00bb4_4&Prime; _builder_version=\u00a0\u00bb4.16&Prime; custom_padding=\u00a0\u00bb|||\u00a0\u00bb global_colors_info=\u00a0\u00bb{}\u00a0\u00bb custom_padding__hover=\u00a0\u00bb|||\u00a0\u00bb][et_pb_wc_breadcrumb _builder_version=\u00a0\u00bb4.16&Prime; custom_margin=\u00a0\u00bb0em|0em|3em|0em|false|false\u00a0\u00bb global_colors_info=\u00a0\u00bb{}\u00a0\u00bb][\/et_pb_wc_breadcrumb][et_pb_wc_cart_notice _builder_version=\u00a0\u00bb4.16&Prime; global_colors_info=\u00a0\u00bb{}\u00a0\u00bb][\/et_pb_wc_cart_notice][\/et_pb_column][\/et_pb_row][et_pb_row column_structure=\u00a0\u00bb1_3,2_3&Prime; _builder_version=\u00a0\u00bb4.16&Prime; background_size=\u00a0\u00bbinitial\u00a0\u00bb background_position=\u00a0\u00bbtop_left\u00a0\u00bb background_repeat=\u00a0\u00bbrepeat\u00a0\u00bb width=\u00a0\u00bb100%\u00a0\u00bb max_width=\u00a0\u00bb1911px\u00a0\u00bb custom_padding=\u00a0\u00bb0px||||false|false\u00a0\u00bb global_colors_info=\u00a0\u00bb{}\u00a0\u00bb][et_pb_column type=\u00a0\u00bb1_3&Prime; _builder_version=\u00a0\u00bb4.16&Prime; custom_padding=\u00a0\u00bb|||\u00a0\u00bb global_colors_info=\u00a0\u00bb{}\u00a0\u00bb custom_padding__hover=\u00a0\u00bb|||\u00a0\u00bb][et_pb_text _builder_version=\u00a0\u00bb4.26.0&Prime; header_font=\u00a0\u00bbRubik||||||||\u00a0\u00bb header_font_size=\u00a0\u00bb36px\u00a0\u00bb hover_enabled=\u00a0\u00bb0&Prime; global_colors_info=\u00a0\u00bb{}\u00a0\u00bb sticky_enabled=\u00a0\u00bb0&Prime;]<\/p>\n<h1>Housse A Stylos<br \/>\n<br \/>\n<span class=\"sotto\">Velvet Cream<\/span><\/h1>\n<p>[\/et_pb_text][et_pb_wc_meta show_sku=\u00a0\u00bboff\u00a0\u00bb show_categories=\u00a0\u00bboff\u00a0\u00bb show_tags=\u00a0\u00bboff\u00a0\u00bb admin_label=\u00a0\u00bbWoo Meta\u00a0\u00bb _builder_version=\u00a0\u00bb4.16&Prime; global_colors_info=\u00a0\u00bb{}\u00a0\u00bb][\/et_pb_wc_meta][et_pb_wc_price _builder_version=\u00a0\u00bb4.16&Prime; global_colors_info=\u00a0\u00bb{}\u00a0\u00bb][\/et_pb_wc_price][et_pb_image src=\u00a0\u00bbhttps:\/\/www.pijama.it\/wp-content\/uploads\/2019\/11\/pijama-POP.png\u00a0\u00bb _builder_version=\u00a0\u00bb4.16&Prime; global_colors_info=\u00a0\u00bb{}\u00a0\u00bb][\/et_pb_image][et_pb_wc_add_to_cart show_quantity=\u00a0\u00bboff\u00a0\u00bb _builder_version=\u00a0\u00bb4.16&Prime; custom_button=\u00a0\u00bbon\u00a0\u00bb button_text_size=\u00a0\u00bb60px\u00a0\u00bb button_text_color=\u00a0\u00bb#000000&Prime; button_border_width=\u00a0\u00bb0px\u00a0\u00bb button_border_color=\u00a0\u00bbrgba(0,0,0,0)\u00a0\u00bb button_font=\u00a0\u00bbRubik||||||||\u00a0\u00bb custom_margin=\u00a0\u00bb110px||50px||false|false\u00a0\u00bb global_colors_info=\u00a0\u00bb{}\u00a0\u00bb][\/et_pb_wc_add_to_cart][\/et_pb_column][et_pb_column type=\u00a0\u00bb2_3&Prime; _builder_version=\u00a0\u00bb4.16&Prime; custom_padding=\u00a0\u00bb|||\u00a0\u00bb global_colors_info=\u00a0\u00bb{}\u00a0\u00bb custom_padding__hover=\u00a0\u00bb|||\u00a0\u00bb][et_pb_wc_images show_product_gallery=\u00a0\u00bboff\u00a0\u00bb show_sale_badge=\u00a0\u00bboff\u00a0\u00bb _builder_version=\u00a0\u00bb4.16&Prime; module_alignment=\u00a0\u00bbright\u00a0\u00bb min_height=\u00a0\u00bb100%\u00a0\u00bb max_height=\u00a0\u00bb100%\u00a0\u00bb global_colors_info=\u00a0\u00bb{}\u00a0\u00bb][\/et_pb_wc_images][\/et_pb_column][\/et_pb_row][et_pb_row _builder_version=\u00a0\u00bb4.16&Prime; background_size=\u00a0\u00bbinitial\u00a0\u00bb background_position=\u00a0\u00bbtop_left\u00a0\u00bb background_repeat=\u00a0\u00bbrepeat\u00a0\u00bb width=\u00a0\u00bb100%\u00a0\u00bb max_width=\u00a0\u00bb1280px\u00a0\u00bb custom_padding=\u00a0\u00bb0px||||false|false\u00a0\u00bb saved_tabs=\u00a0\u00bball\u00a0\u00bb global_colors_info=\u00a0\u00bb{}\u00a0\u00bb][et_pb_column type=\u00a0\u00bb4_4&Prime; _builder_version=\u00a0\u00bb4.16&Prime; custom_padding=\u00a0\u00bb|||\u00a0\u00bb global_colors_info=\u00a0\u00bb{}\u00a0\u00bb custom_padding__hover=\u00a0\u00bb|||\u00a0\u00bb][et_pb_text admin_label=\u00a0\u00bbTIRELLE astuccio\u00a0\u00bb _builder_version=\u00a0\u00bb4.26.0&Prime; hover_enabled=\u00a0\u00bb0&Prime; global_colors_info=\u00a0\u00bb{}\u00a0\u00bb sticky_enabled=\u00a0\u00bb0&Prime;]<\/p>\n<div class=\"tirelle\"><a href=\"https:\/\/www.pijama.it\/fr\/produit\/housse-a-stylos-velvet-cream\/\"><img loading=\"lazy\" decoding=\"async\" class=\"wp-image-18354 alignnone size-full\" src=\"https:\/\/www.pijama.it\/wp-content\/uploads\/2024\/09\/DS16.jpg\" alt=\"\" width=\"40\" height=\"40\" \/><\/a> <a href=\"https:\/\/www.pijama.it\/fr\/produit\/housse-a-stylos-dalia-blue\/\"><img loading=\"lazy\" decoding=\"async\" class=\"wp-image-18354 alignnone size-full\" src=\"https:\/\/www.pijama.it\/wp-content\/uploads\/2022\/01\/FLDB.jpg\" alt=\"\" width=\"40\" height=\"40\" \/><\/a> <a href=\"https:\/\/www.pijama.it\/fr\/produit\/housse-a-stylos-dalia\/\"><img loading=\"lazy\" decoding=\"async\" class=\"wp-image-18354 alignnone size-full\" src=\"https:\/\/www.pijama.it\/wp-content\/uploads\/2021\/08\/FLDA.jpg\" alt=\"\" width=\"40\" height=\"40\" \/><\/a> <a href=\"https:\/\/www.pijama.it\/fr\/produit\/housse-a-stylos-prisma-red\/\"><img loading=\"lazy\" decoding=\"async\" class=\"wp-image-18354 alignnone size-full\" src=\"https:\/\/www.pijama.it\/wp-content\/uploads\/2023\/02\/PRRD.jpg\" alt=\"\" width=\"40\" height=\"40\" \/><\/a> <a href=\"https:\/\/www.pijama.it\/fr\/produit\/housse-a-stylos-prisma-blue\/\"><img loading=\"lazy\" decoding=\"async\" class=\"wp-image-14465 alignnone size-full\" src=\"https:\/\/www.pijama.it\/wp-content\/uploads\/2023\/02\/PRBL.jpg\" alt=\"\" width=\"40\" height=\"40\" \/><\/a> <a href=\"https:\/\/www.pijama.it\/fr\/produit\/housse-a-stylos-lurex-turtle\/\"><img loading=\"lazy\" decoding=\"async\" class=\"wp-image-18354 alignnone size-full\" src=\"https:\/\/www.pijama.it\/wp-content\/uploads\/2020\/09\/LUTU.jpg\" alt=\"\" width=\"40\" height=\"40\" \/><\/a> <a href=\"https:\/\/www.pijama.it\/fr\/produit\/housse-a-stylos-lurex-prisma\/\"><img loading=\"lazy\" decoding=\"async\" class=\"wp-image-1201 alignnone size-full\" src=\"https:\/\/www.pijama.it\/wp-content\/uploads\/2019\/11\/lupr.jpg\" alt=\"\" width=\"40\" height=\"40\" \/><\/a> <a href=\"https:\/\/www.pijama.it\/fr\/produit\/housse-a-stylos-sofa-lurex\/\"><img loading=\"lazy\" decoding=\"async\" class=\"wp-image-1208 alignnone size-full\" src=\"https:\/\/www.pijama.it\/wp-content\/uploads\/2019\/11\/solu_5_4.jpg\" alt=\"\" width=\"40\" height=\"40\" \/><\/a> <a href=\"https:\/\/www.pijama.it\/fr\/produit\/housse-a-stylos-optical-check\/\"><img loading=\"lazy\" decoding=\"async\" class=\"wp-image-1234 alignnone size-full\" src=\"https:\/\/www.pijama.it\/wp-content\/uploads\/2019\/11\/soop_7_2.jpg\" alt=\"\" width=\"40\" height=\"40\" \/><\/a> <a href=\"https:\/\/www.pijama.it\/fr\/produit\/housse-a-stylos-zigzag-black\/\"><img loading=\"lazy\" decoding=\"async\" class=\"wp-image-1241 alignnone size-full\" src=\"https:\/\/www.pijama.it\/wp-content\/uploads\/2019\/11\/zibk_7_1.jpg\" alt=\"\" width=\"40\" height=\"40\" \/><\/a> <a href=\"https:\/\/www.pijama.it\/fr\/produit\/housse-a-stylos-tic-tac-black\/\"><img loading=\"lazy\" decoding=\"async\" class=\"wp-image-10110 alignnone size-full\" src=\"https:\/\/www.pijama.it\/wp-content\/uploads\/2020\/02\/TIBK-1.jpg\" alt=\"\" width=\"40\" height=\"40\" \/><\/a> <a href=\"https:\/\/www.pijama.it\/fr\/produit\/housse-a-stylos-dandy-herringbone\/\"><img loading=\"lazy\" decoding=\"async\" class=\"wp-image-1192 alignnone size-full\" src=\"https:\/\/www.pijama.it\/wp-content\/uploads\/2019\/11\/daht_2_2.jpg\" alt=\"\" width=\"40\" height=\"40\" \/><\/a>\u00a0<a href=\"https:\/\/www.pijama.it\/fr\/produit\/housse-a-stylos-optical-rainbow\/\"><img loading=\"lazy\" decoding=\"async\" class=\"wp-image-18354 alignnone size-full\" src=\"https:\/\/www.pijama.it\/wp-content\/uploads\/2022\/08\/OPRA-1.jpg\" alt=\"\" width=\"40\" height=\"40\" \/><\/a> <a href=\"https:\/\/www.pijama.it\/fr\/produit\/housse-a-stylos-mini-check-blu\/\"><img loading=\"lazy\" decoding=\"async\" class=\"wp-image-18354 alignnone size-full\" src=\"https:\/\/www.pijama.it\/wp-content\/uploads\/2023\/09\/DS06.jpg\" alt=\"\" width=\"40\" height=\"40\" \/><\/a> <a href=\"https:\/\/www.pijama.it\/fr\/produit\/housse-a-stylos-brown-linen\/\"><img loading=\"lazy\" decoding=\"async\" class=\"wp-image-18354 alignnone size-full\" src=\"https:\/\/www.pijama.it\/wp-content\/uploads\/2024\/02\/DS15.jpg\" alt=\"\" width=\"40\" height=\"40\" \/><\/a> <a href=\"https:\/\/www.pijama.it\/fr\/produit\/housse-a-stylos-white-linen\/\"><img loading=\"lazy\" decoding=\"async\" class=\"wp-image-18354 alignnone size-full\" src=\"https:\/\/www.pijama.it\/wp-content\/uploads\/2024\/02\/DS14.jpg\" alt=\"\" width=\"40\" height=\"40\" \/><\/a> <a href=\"https:\/\/www.pijama.it\/fr\/produit\/housse-a-stylos-disco\/\"><img loading=\"lazy\" decoding=\"async\" class=\"wp-image-18354 alignnone size-full\" src=\"https:\/\/www.pijama.it\/wp-content\/uploads\/2023\/09\/DS10.jpg\" alt=\"\" width=\"40\" height=\"40\" \/><\/a> <a href=\"https:\/\/www.pijama.it\/fr\/produit\/housse-a-stylos-tartan-black\/\"><img loading=\"lazy\" decoding=\"async\" class=\"wp-image-18354 alignnone size-full\" src=\"https:\/\/www.pijama.it\/wp-content\/uploads\/2023\/09\/TA16.jpg\" alt=\"\" width=\"40\" height=\"40\" \/><\/a><\/div>\n<p>[\/et_pb_text][\/et_pb_column][\/et_pb_row][et_pb_row column_structure=\u00a0\u00bb3_5,2_5&Prime; _builder_version=\u00a0\u00bb4.16&Prime; width=\u00a0\u00bb100%\u00a0\u00bb max_width=\u00a0\u00bb1280px\u00a0\u00bb global_colors_info=\u00a0\u00bb{}\u00a0\u00bb][et_pb_column type=\u00a0\u00bb3_5&Prime; _builder_version=\u00a0\u00bb4.16&Prime; global_colors_info=\u00a0\u00bb{}\u00a0\u00bb][et_pb_image admin_label=\u00a0\u00bbIMMAGINE TEXTILE\u00a0\u00bb _builder_version=\u00a0\u00bb4.22.1&Prime; hover_enabled=\u00a0\u00bb0&Prime; global_colors_info=\u00a0\u00bb{}\u00a0\u00bb sticky_enabled=\u00a0\u00bb0&Prime;][\/et_pb_image][\/et_pb_column][et_pb_column type=\u00a0\u00bb2_5&Prime; _builder_version=\u00a0\u00bb4.16&Prime; global_colors_info=\u00a0\u00bb{}\u00a0\u00bb][et_pb_wc_additional_info _builder_version=\u00a0\u00bb4.16&Prime; global_colors_info=\u00a0\u00bb{}\u00a0\u00bb][\/et_pb_wc_additional_info][et_pb_wc_meta show_categories=\u00a0\u00bboff\u00a0\u00bb show_tags=\u00a0\u00bboff\u00a0\u00bb admin_label=\u00a0\u00bbWoo Meta\u00a0\u00bb _builder_version=\u00a0\u00bb4.16&Prime; link_option_url=\u00a0\u00bb#\u00a0\u00bb global_colors_info=\u00a0\u00bb{}\u00a0\u00bb][\/et_pb_wc_meta][et_pb_wc_description description_type=\u00a0\u00bbdescription\u00a0\u00bb admin_label=\u00a0\u00bbWoo Description\u00a0\u00bb _builder_version=\u00a0\u00bb4.16&Prime; global_colors_info=\u00a0\u00bb{}\u00a0\u00bb][\/et_pb_wc_description][\/et_pb_column][\/et_pb_row][et_pb_row _builder_version=\u00a0\u00bb4.16&Prime; global_colors_info=\u00a0\u00bb{}\u00a0\u00bb][et_pb_column type=\u00a0\u00bb4_4&Prime; _builder_version=\u00a0\u00bb4.16&Prime; global_colors_info=\u00a0\u00bb{}\u00a0\u00bb][et_pb_text _builder_version=\u00a0\u00bb4.16&Prime; header_3_font=\u00a0\u00bbRubik||||||||\u00a0\u00bb header_3_text_align=\u00a0\u00bbcenter\u00a0\u00bb header_3_font_size=\u00a0\u00bb36px\u00a0\u00bb global_colors_info=\u00a0\u00bb{}\u00a0\u00bb]<\/p>\n<h3>D\u2019autres produits<\/h3>\n<p>[\/et_pb_text][\/et_pb_column][\/et_pb_row][et_pb_row _builder_version=\u00a0\u00bb4.16&Prime; background_size=\u00a0\u00bbinitial\u00a0\u00bb background_position=\u00a0\u00bbtop_left\u00a0\u00bb background_repeat=\u00a0\u00bbrepeat\u00a0\u00bb width=\u00a0\u00bb100%\u00a0\u00bb global_colors_info=\u00a0\u00bb{}\u00a0\u00bb][et_pb_column type=\u00a0\u00bb4_4&Prime; _builder_version=\u00a0\u00bb4.16&Prime; custom_padding=\u00a0\u00bb|||\u00a0\u00bb global_colors_info=\u00a0\u00bb{}\u00a0\u00bb custom_padding__hover=\u00a0\u00bb|||\u00a0\u00bb][et_pb_wc_upsells _builder_version=\u00a0\u00bb4.16&Prime; global_colors_info=\u00a0\u00bb{}\u00a0\u00bb][\/et_pb_wc_upsells][et_pb_wc_related_products _builder_version=\u00a0\u00bb4.16&Prime; global_colors_info=\u00a0\u00bb{}\u00a0\u00bb][\/et_pb_wc_related_products][\/et_pb_column][\/et_pb_row][\/et_pb_section]<\/p>\n","protected":false},"excerpt":{"rendered":"<p>Housse A Stylos<\/p>\n","protected":false},"featured_media":50678,"template":"","meta":{"_et_pb_use_builder":"on","_et_pb_old_content":"Cette pochette zipp\u00e9e multi-usage a un design simple et \u00e9pur\u00e9 qui la rend id\u00e9ale pour tous nos stylos pr\u00e9f\u00e9r\u00e9s. \r\n\r\nDoublure n\u00e9opr\u00e8ne 3mm et jersey synth\u00e9tique noir coll\u00e9e sur tissu ext\u00e9rieur. \r\n\r\nFabriqu\u00e9e en Italie.","_et_gb_content_width":""},"product_brand":[],"product_cat":[1332,1337,1338],"product_tag":[1810],"class_list":{"0":"post-50674","1":"product","2":"type-product","3":"status-publish","4":"has-post-thumbnail","6":"product_cat-accessoires","7":"product_cat-pochette-avec-zip","8":"product_cat-astuccio-portapenne-fr","9":"product_tag-velvet-cream-fr","10":"pa_care-laver-a-la-main","11":"pa_dimensioni-20-x-6-cm-fr","12":"pa_made-in-italy-fr","13":"pa_materiale-coton-neoprene-fr","14":"pa_textile-velvet-cream-fr","16":"first","17":"outofstock","18":"shipping-taxable","19":"purchasable","20":"product-type-simple"},"yoast_head":"<!-- This site is optimized with the Yoast SEO plugin v23.0 - https:\/\/yoast.com\/wordpress\/plugins\/seo\/ -->\n<title>Housse A Stylos Velvet Cream - Pijama<\/title>\n<meta name=\"description\" content=\"Housse A Stylos Velvet Cream - Pijama - Housse A Stylos\" \/>\n<meta name=\"robots\" content=\"index, follow, max-snippet:-1, max-image-preview:large, max-video-preview:-1\" \/>\n<link rel=\"canonical\" href=\"https:\/\/www.pijama.it\/fr\/produit\/housse-a-stylos-velvet-cream\/\" \/>\n<meta property=\"og:locale\" content=\"fr_FR\" \/>\n<meta property=\"og:type\" content=\"article\" \/>\n<meta property=\"og:title\" content=\"Housse A Stylos Velvet Cream - Pijama\" \/>\n<meta property=\"og:description\" content=\"Housse A Stylos Velvet Cream - Pijama - Housse A Stylos\" \/>\n<meta property=\"og:url\" content=\"https:\/\/www.pijama.it\/fr\/produit\/housse-a-stylos-velvet-cream\/\" \/>\n<meta property=\"og:site_name\" content=\"Pijama\" \/>\n<meta property=\"article:publisher\" content=\"https:\/\/www.facebook.com\/pijama.softcases\" \/>\n<meta property=\"article:modified_time\" content=\"2024-10-11T14:15:51+00:00\" \/>\n<meta property=\"og:image\" content=\"https:\/\/www.pijama.it\/wp-content\/uploads\/2024\/10\/POPDS16.jpg\" \/>\n\t<meta property=\"og:image:width\" content=\"900\" \/>\n\t<meta property=\"og:image:height\" content=\"600\" \/>\n\t<meta property=\"og:image:type\" content=\"image\/jpeg\" \/>\n<meta name=\"twitter:card\" content=\"summary_large_image\" \/>\n<meta name=\"twitter:label1\" content=\"Dur\u00e9e de lecture estim\u00e9e\" \/>\n\t<meta name=\"twitter:data1\" content=\"5 minutes\" \/>\n<script type=\"application\/ld+json\" class=\"yoast-schema-graph\">{\"@context\":\"https:\/\/schema.org\",\"@graph\":[{\"@type\":\"WebPage\",\"@id\":\"https:\/\/www.pijama.it\/fr\/produit\/housse-a-stylos-velvet-cream\/\",\"url\":\"https:\/\/www.pijama.it\/fr\/produit\/housse-a-stylos-velvet-cream\/\",\"name\":\"Housse A Stylos Velvet Cream - Pijama\",\"isPartOf\":{\"@id\":\"https:\/\/www.pijama.it\/#website\"},\"primaryImageOfPage\":{\"@id\":\"https:\/\/www.pijama.it\/fr\/produit\/housse-a-stylos-velvet-cream\/#primaryimage\"},\"image\":{\"@id\":\"https:\/\/www.pijama.it\/fr\/produit\/housse-a-stylos-velvet-cream\/#primaryimage\"},\"thumbnailUrl\":\"https:\/\/www.pijama.it\/wp-content\/uploads\/2024\/10\/POPDS16.jpg\",\"datePublished\":\"2024-10-11T13:35:12+00:00\",\"dateModified\":\"2024-10-11T14:15:51+00:00\",\"description\":\"Housse A Stylos Velvet Cream - Pijama - Housse A Stylos\",\"breadcrumb\":{\"@id\":\"https:\/\/www.pijama.it\/fr\/produit\/housse-a-stylos-velvet-cream\/#breadcrumb\"},\"inLanguage\":\"fr-FR\",\"potentialAction\":[{\"@type\":\"ReadAction\",\"target\":[\"https:\/\/www.pijama.it\/fr\/produit\/housse-a-stylos-velvet-cream\/\"]}]},{\"@type\":\"ImageObject\",\"inLanguage\":\"fr-FR\",\"@id\":\"https:\/\/www.pijama.it\/fr\/produit\/housse-a-stylos-velvet-cream\/#primaryimage\",\"url\":\"https:\/\/www.pijama.it\/wp-content\/uploads\/2024\/10\/POPDS16.jpg\",\"contentUrl\":\"https:\/\/www.pijama.it\/wp-content\/uploads\/2024\/10\/POPDS16.jpg\",\"width\":900,\"height\":600},{\"@type\":\"BreadcrumbList\",\"@id\":\"https:\/\/www.pijama.it\/fr\/produit\/housse-a-stylos-velvet-cream\/#breadcrumb\",\"itemListElement\":[{\"@type\":\"ListItem\",\"position\":1,\"name\":\"Home\",\"item\":\"https:\/\/www.pijama.it\/fr\/\"},{\"@type\":\"ListItem\",\"position\":2,\"name\":\"Shop\",\"item\":\"https:\/\/www.pijama.it\/fr\/shop\/\"},{\"@type\":\"ListItem\",\"position\":3,\"name\":\"Housse A Stylos Velvet Cream\"}]},{\"@type\":\"WebSite\",\"@id\":\"https:\/\/www.pijama.it\/#website\",\"url\":\"https:\/\/www.pijama.it\/\",\"name\":\"Pijama - Custodie e zaini in tessuto e neoprene\",\"description\":\"Pijama\",\"publisher\":{\"@id\":\"https:\/\/www.pijama.it\/#organization\"},\"alternateName\":\"Custodie e zaini in tessuto e neoprene\",\"potentialAction\":[{\"@type\":\"SearchAction\",\"target\":{\"@type\":\"EntryPoint\",\"urlTemplate\":\"https:\/\/www.pijama.it\/?s={search_term_string}\"},\"query-input\":\"required name=search_term_string\"}],\"inLanguage\":\"fr-FR\"},{\"@type\":\"Organization\",\"@id\":\"https:\/\/www.pijama.it\/#organization\",\"name\":\"Pijama\",\"alternateName\":\"Custodie e zaini in tessuto e neoprene\",\"url\":\"https:\/\/www.pijama.it\/\",\"logo\":{\"@type\":\"ImageObject\",\"inLanguage\":\"fr-FR\",\"@id\":\"https:\/\/www.pijama.it\/#\/schema\/logo\/image\/\",\"url\":\"https:\/\/www.pijama.it\/wp-content\/uploads\/2019\/11\/logo_payoff-1.png\",\"contentUrl\":\"https:\/\/www.pijama.it\/wp-content\/uploads\/2019\/11\/logo_payoff-1.png\",\"width\":160,\"height\":54,\"caption\":\"Pijama\"},\"image\":{\"@id\":\"https:\/\/www.pijama.it\/#\/schema\/logo\/image\/\"},\"sameAs\":[\"https:\/\/www.facebook.com\/pijama.softcases\",\"https:\/\/www.instagram.com\/pijamagram\/\",\"https:\/\/www.pinterest.it\/pijamamilano\/\"]}]}<\/script>\n<!-- \/ Yoast SEO plugin. -->","yoast_head_json":{"title":"Housse A Stylos Velvet Cream - Pijama","description":"Housse A Stylos Velvet Cream - Pijama - Housse A Stylos","robots":{"index":"index","follow":"follow","max-snippet":"max-snippet:-1","max-image-preview":"max-image-preview:large","max-video-preview":"max-video-preview:-1"},"canonical":"https:\/\/www.pijama.it\/fr\/produit\/housse-a-stylos-velvet-cream\/","og_locale":"fr_FR","og_type":"article","og_title":"Housse A Stylos Velvet Cream - Pijama","og_description":"Housse A Stylos Velvet Cream - Pijama - Housse A Stylos","og_url":"https:\/\/www.pijama.it\/fr\/produit\/housse-a-stylos-velvet-cream\/","og_site_name":"Pijama","article_publisher":"https:\/\/www.facebook.com\/pijama.softcases","article_modified_time":"2024-10-11T14:15:51+00:00","og_image":[{"width":900,"height":600,"url":"https:\/\/www.pijama.it\/wp-content\/uploads\/2024\/10\/POPDS16.jpg","type":"image\/jpeg"}],"twitter_card":"summary_large_image","twitter_misc":{"Dur\u00e9e de lecture estim\u00e9e":"5 minutes"},"schema":{"@context":"https:\/\/schema.org","@graph":[{"@type":"WebPage","@id":"https:\/\/www.pijama.it\/fr\/produit\/housse-a-stylos-velvet-cream\/","url":"https:\/\/www.pijama.it\/fr\/produit\/housse-a-stylos-velvet-cream\/","name":"Housse A Stylos Velvet Cream - Pijama","isPartOf":{"@id":"https:\/\/www.pijama.it\/#website"},"primaryImageOfPage":{"@id":"https:\/\/www.pijama.it\/fr\/produit\/housse-a-stylos-velvet-cream\/#primaryimage"},"image":{"@id":"https:\/\/www.pijama.it\/fr\/produit\/housse-a-stylos-velvet-cream\/#primaryimage"},"thumbnailUrl":"https:\/\/www.pijama.it\/wp-content\/uploads\/2024\/10\/POPDS16.jpg","datePublished":"2024-10-11T13:35:12+00:00","dateModified":"2024-10-11T14:15:51+00:00","description":"Housse A Stylos Velvet Cream - Pijama - Housse A Stylos","breadcrumb":{"@id":"https:\/\/www.pijama.it\/fr\/produit\/housse-a-stylos-velvet-cream\/#breadcrumb"},"inLanguage":"fr-FR","potentialAction":[{"@type":"ReadAction","target":["https:\/\/www.pijama.it\/fr\/produit\/housse-a-stylos-velvet-cream\/"]}]},{"@type":"ImageObject","inLanguage":"fr-FR","@id":"https:\/\/www.pijama.it\/fr\/produit\/housse-a-stylos-velvet-cream\/#primaryimage","url":"https:\/\/www.pijama.it\/wp-content\/uploads\/2024\/10\/POPDS16.jpg","contentUrl":"https:\/\/www.pijama.it\/wp-content\/uploads\/2024\/10\/POPDS16.jpg","width":900,"height":600},{"@type":"BreadcrumbList","@id":"https:\/\/www.pijama.it\/fr\/produit\/housse-a-stylos-velvet-cream\/#breadcrumb","itemListElement":[{"@type":"ListItem","position":1,"name":"Home","item":"https:\/\/www.pijama.it\/fr\/"},{"@type":"ListItem","position":2,"name":"Shop","item":"https:\/\/www.pijama.it\/fr\/shop\/"},{"@type":"ListItem","position":3,"name":"Housse A Stylos Velvet Cream"}]},{"@type":"WebSite","@id":"https:\/\/www.pijama.it\/#website","url":"https:\/\/www.pijama.it\/","name":"Pijama - Custodie e zaini in tessuto e neoprene","description":"Pijama","publisher":{"@id":"https:\/\/www.pijama.it\/#organization"},"alternateName":"Custodie e zaini in tessuto e neoprene","potentialAction":[{"@type":"SearchAction","target":{"@type":"EntryPoint","urlTemplate":"https:\/\/www.pijama.it\/?s={search_term_string}"},"query-input":"required name=search_term_string"}],"inLanguage":"fr-FR"},{"@type":"Organization","@id":"https:\/\/www.pijama.it\/#organization","name":"Pijama","alternateName":"Custodie e zaini in tessuto e neoprene","url":"https:\/\/www.pijama.it\/","logo":{"@type":"ImageObject","inLanguage":"fr-FR","@id":"https:\/\/www.pijama.it\/#\/schema\/logo\/image\/","url":"https:\/\/www.pijama.it\/wp-content\/uploads\/2019\/11\/logo_payoff-1.png","contentUrl":"https:\/\/www.pijama.it\/wp-content\/uploads\/2019\/11\/logo_payoff-1.png","width":160,"height":54,"caption":"Pijama"},"image":{"@id":"https:\/\/www.pijama.it\/#\/schema\/logo\/image\/"},"sameAs":["https:\/\/www.facebook.com\/pijama.softcases","https:\/\/www.instagram.com\/pijamagram\/","https:\/\/www.pinterest.it\/pijamamilano\/"]}]}},"_links":{"self":[{"href":"https:\/\/www.pijama.it\/fr\/wp-json\/wp\/v2\/product\/50674","targetHints":{"allow":["GET"]}}],"collection":[{"href":"https:\/\/www.pijama.it\/fr\/wp-json\/wp\/v2\/product"}],"about":[{"href":"https:\/\/www.pijama.it\/fr\/wp-json\/wp\/v2\/types\/product"}],"wp:featuredmedia":[{"embeddable":true,"href":"https:\/\/www.pijama.it\/fr\/wp-json\/wp\/v2\/media\/50678"}],"wp:attachment":[{"href":"https:\/\/www.pijama.it\/fr\/wp-json\/wp\/v2\/media?parent=50674"}],"wp:term":[{"taxonomy":"product_brand","embeddable":true,"href":"https:\/\/www.pijama.it\/fr\/wp-json\/wp\/v2\/product_brand?post=50674"},{"taxonomy":"product_cat","embeddable":true,"href":"https:\/\/www.pijama.it\/fr\/wp-json\/wp\/v2\/product_cat?post=50674"},{"taxonomy":"product_tag","embeddable":true,"href":"https:\/\/www.pijama.it\/fr\/wp-json\/wp\/v2\/product_tag?post=50674"}],"curies":[{"name":"wp","href":"https:\/\/api.w.org\/{rel}","templated":true}]}}