{"id":48079,"date":"2021-08-28T16:25:16","date_gmt":"2021-08-28T14:25:16","guid":{"rendered":"https:\/\/www.pijama.it\/product\/housse-pour-macbook-air-13-pro-13-documents-a4-avec-bouton\/"},"modified":"2024-11-21T17:39:21","modified_gmt":"2024-11-21T16:39:21","slug":"housse-pour-macbook-air-13-pro-13-documents-a4-avec-bouton-dalia","status":"publish","type":"product","link":"https:\/\/www.pijama.it\/fr\/produit\/housse-pour-macbook-air-13-pro-13-documents-a4-avec-bouton-dalia\/","title":{"rendered":"Housse pour MacBook Air 13&Prime; \/ Pro 13&Prime; \/ Documents A4 avec bouton Dalia Red"},"content":{"rendered":"<p>[et_pb_section fb_built=\u00a0\u00bb1&Prime; _builder_version=\u00a0\u00bb4.16&Prime; background_color=\u00a0\u00bb#fafafa\u00a0\u00bb module_alignment=\u00a0\u00bbcenter\u00a0\u00bb custom_padding=\u00a0\u00bb0px||||false|false\u00a0\u00bb global_colors_info=\u00a0\u00bb{}\u00a0\u00bb][et_pb_row _builder_version=\u00a0\u00bb4.16&Prime; background_size=\u00a0\u00bbinitial\u00a0\u00bb background_position=\u00a0\u00bbtop_left\u00a0\u00bb background_repeat=\u00a0\u00bbrepeat\u00a0\u00bb width=\u00a0\u00bb100%\u00a0\u00bb max_width=\u00a0\u00bb1690px\u00a0\u00bb custom_padding=\u00a0\u00bb0px||0px||false|false\u00a0\u00bb global_colors_info=\u00a0\u00bb{}\u00a0\u00bb][et_pb_column type=\u00a0\u00bb4_4&Prime; _builder_version=\u00a0\u00bb4.16&Prime; custom_padding=\u00a0\u00bb|||\u00a0\u00bb global_colors_info=\u00a0\u00bb{}\u00a0\u00bb custom_padding__hover=\u00a0\u00bb|||\u00a0\u00bb][et_pb_wc_breadcrumb _builder_version=\u00a0\u00bb4.16&Prime; custom_margin=\u00a0\u00bb0em|0em|3em|0em|false|false\u00a0\u00bb global_colors_info=\u00a0\u00bb{}\u00a0\u00bb][\/et_pb_wc_breadcrumb][et_pb_wc_cart_notice _builder_version=\u00a0\u00bb4.16&Prime; global_colors_info=\u00a0\u00bb{}\u00a0\u00bb][\/et_pb_wc_cart_notice][\/et_pb_column][\/et_pb_row][et_pb_row column_structure=\u00a0\u00bb1_3,2_3&Prime; _builder_version=\u00a0\u00bb4.16&Prime; background_size=\u00a0\u00bbinitial\u00a0\u00bb background_position=\u00a0\u00bbtop_left\u00a0\u00bb background_repeat=\u00a0\u00bbrepeat\u00a0\u00bb width=\u00a0\u00bb100%\u00a0\u00bb max_width=\u00a0\u00bb1911px\u00a0\u00bb custom_padding=\u00a0\u00bb0px||||false|false\u00a0\u00bb global_colors_info=\u00a0\u00bb{}\u00a0\u00bb][et_pb_column type=\u00a0\u00bb1_3&Prime; _builder_version=\u00a0\u00bb4.16&Prime; custom_padding=\u00a0\u00bb|||\u00a0\u00bb global_colors_info=\u00a0\u00bb{}\u00a0\u00bb custom_padding__hover=\u00a0\u00bb|||\u00a0\u00bb][et_pb_text _builder_version=\u00a0\u00bb4.22.1&Prime; header_font=\u00a0\u00bbRubik||||||||\u00a0\u00bb header_font_size=\u00a0\u00bb36px\u00a0\u00bb global_colors_info=\u00a0\u00bb{}\u00a0\u00bb]<\/p>\n<h1>Housse pour MacBook Air 13&Prime; \/ Pro 13&Prime; \/ Documents A4 avec bouton<br \/>\n<span class=\"sotto\">Dalia Red<\/span><\/h1>\n<p>[\/et_pb_text][et_pb_wc_meta show_sku=\u00a0\u00bboff\u00a0\u00bb show_categories=\u00a0\u00bboff\u00a0\u00bb show_tags=\u00a0\u00bboff\u00a0\u00bb admin_label=\u00a0\u00bbWoo Meta\u00a0\u00bb _builder_version=\u00a0\u00bb4.16&Prime; global_colors_info=\u00a0\u00bb{}\u00a0\u00bb][\/et_pb_wc_meta][et_pb_wc_price _builder_version=\u00a0\u00bb4.16&Prime; global_colors_info=\u00a0\u00bb{}\u00a0\u00bb][\/et_pb_wc_price][et_pb_image src=\u00a0\u00bbhttps:\/\/www.pijama.it\/wp-content\/uploads\/2021\/02\/pijama_B13.png\u00a0\u00bb title_text=\u00a0\u00bbpijama_B13&Prime; _builder_version=\u00a0\u00bb4.16&Prime; global_colors_info=\u00a0\u00bb{}\u00a0\u00bb][\/et_pb_image][et_pb_wc_add_to_cart show_quantity=\u00a0\u00bboff\u00a0\u00bb _builder_version=\u00a0\u00bb4.16&Prime; custom_button=\u00a0\u00bbon\u00a0\u00bb button_text_size=\u00a0\u00bb60px\u00a0\u00bb button_text_color=\u00a0\u00bb#000000&Prime; button_border_width=\u00a0\u00bb0px\u00a0\u00bb button_border_color=\u00a0\u00bbrgba(0,0,0,0)\u00a0\u00bb button_font=\u00a0\u00bbRubik||||||||\u00a0\u00bb custom_margin=\u00a0\u00bb110px||50px||false|false\u00a0\u00bb global_colors_info=\u00a0\u00bb{}\u00a0\u00bb][\/et_pb_wc_add_to_cart][\/et_pb_column][et_pb_column type=\u00a0\u00bb2_3&Prime; _builder_version=\u00a0\u00bb4.16&Prime; custom_padding=\u00a0\u00bb|||\u00a0\u00bb global_colors_info=\u00a0\u00bb{}\u00a0\u00bb custom_padding__hover=\u00a0\u00bb|||\u00a0\u00bb][et_pb_wc_images show_product_gallery=\u00a0\u00bboff\u00a0\u00bb show_sale_badge=\u00a0\u00bboff\u00a0\u00bb _builder_version=\u00a0\u00bb4.16&Prime; module_alignment=\u00a0\u00bbright\u00a0\u00bb min_height=\u00a0\u00bb100%\u00a0\u00bb max_height=\u00a0\u00bb100%\u00a0\u00bb global_colors_info=\u00a0\u00bb{}\u00a0\u00bb][\/et_pb_wc_images][\/et_pb_column][\/et_pb_row][et_pb_row _builder_version=\u00a0\u00bb4.16&Prime; background_size=\u00a0\u00bbinitial\u00a0\u00bb background_position=\u00a0\u00bbtop_left\u00a0\u00bb background_repeat=\u00a0\u00bbrepeat\u00a0\u00bb width=\u00a0\u00bb100%\u00a0\u00bb max_width=\u00a0\u00bb1280px\u00a0\u00bb custom_padding=\u00a0\u00bb0px||||false|false\u00a0\u00bb saved_tabs=\u00a0\u00bball\u00a0\u00bb global_colors_info=\u00a0\u00bb{}\u00a0\u00bb][et_pb_column type=\u00a0\u00bb4_4&Prime; _builder_version=\u00a0\u00bb4.16&Prime; custom_padding=\u00a0\u00bb|||\u00a0\u00bb global_colors_info=\u00a0\u00bb{}\u00a0\u00bb custom_padding__hover=\u00a0\u00bb|||\u00a0\u00bb][et_pb_text admin_label=\u00a0\u00bbTIRELLE Custodia per MacBook Air \/ Pro 13%22 \/ documenti A4&Prime; _builder_version=\u00a0\u00bb4.26.0&Prime; hover_enabled=\u00a0\u00bb0&Prime; global_colors_info=\u00a0\u00bb{}\u00a0\u00bb sticky_enabled=\u00a0\u00bb0&Prime;]<\/p>\n<p><a href=\"https:\/\/www.pijama.it\/fr\/produit\/housse-pour-macbook-air-13-pro-13-documents-a4-avec-bouton-dalia-red\/\"><img loading=\"lazy\" decoding=\"async\" class=\"wp-image-14465 alignnone size-full\" src=\"https:\/\/www.pijama.it\/wp-content\/uploads\/2021\/08\/FLDA.jpg\" alt=\"\" width=\"40\" height=\"40\" \/><\/a> <a href=\"https:\/\/www.pijama.it\/fr\/produit\/housse-pour-macbook-air-13-pro-13-documents-a4-avec-bouton-camouflage\/\"><img loading=\"lazy\" decoding=\"async\" class=\"wp-image-14465 alignnone size-full\" src=\"https:\/\/www.pijama.it\/wp-content\/uploads\/2020\/08\/CAMO.jpg\" alt=\"\" width=\"40\" height=\"40\" \/><\/a>\u00a0<\/p>\n<p>[\/et_pb_text][\/et_pb_column][\/et_pb_row][et_pb_row column_structure=\u00a0\u00bb3_5,2_5&Prime; _builder_version=\u00a0\u00bb4.16&Prime; width=\u00a0\u00bb100%\u00a0\u00bb max_width=\u00a0\u00bb1280px\u00a0\u00bb global_colors_info=\u00a0\u00bb{}\u00a0\u00bb][et_pb_column type=\u00a0\u00bb3_5&Prime; _builder_version=\u00a0\u00bb4.16&Prime; global_colors_info=\u00a0\u00bb{}\u00a0\u00bb][et_pb_image src=\u00a0\u00bbhttps:\/\/www.pijama.it\/wp-content\/uploads\/2021\/08\/DALIA-family-morepics.jpg\u00a0\u00bb title_text=\u00a0\u00bbDALIA-family-morepics\u00a0\u00bb admin_label=\u00a0\u00bbIMMAGINE TEXTILE\u00a0\u00bb _builder_version=\u00a0\u00bb4.22.1&Prime; global_colors_info=\u00a0\u00bb{}\u00a0\u00bb][\/et_pb_image][\/et_pb_column][et_pb_column type=\u00a0\u00bb2_5&Prime; _builder_version=\u00a0\u00bb4.16&Prime; global_colors_info=\u00a0\u00bb{}\u00a0\u00bb][et_pb_wc_additional_info _builder_version=\u00a0\u00bb4.16&Prime; global_colors_info=\u00a0\u00bb{}\u00a0\u00bb][\/et_pb_wc_additional_info][et_pb_wc_meta show_categories=\u00a0\u00bboff\u00a0\u00bb show_tags=\u00a0\u00bboff\u00a0\u00bb admin_label=\u00a0\u00bbWoo Meta\u00a0\u00bb _builder_version=\u00a0\u00bb4.16&Prime; link_option_url=\u00a0\u00bb#\u00a0\u00bb global_colors_info=\u00a0\u00bb{}\u00a0\u00bb][\/et_pb_wc_meta][et_pb_wc_description description_type=\u00a0\u00bbdescription\u00a0\u00bb admin_label=\u00a0\u00bbWoo Description\u00a0\u00bb _builder_version=\u00a0\u00bb4.16&Prime; global_colors_info=\u00a0\u00bb{}\u00a0\u00bb][\/et_pb_wc_description][\/et_pb_column][\/et_pb_row][et_pb_row _builder_version=\u00a0\u00bb4.16&Prime; collapsed=\u00a0\u00bboff\u00a0\u00bb global_colors_info=\u00a0\u00bb{}\u00a0\u00bb][et_pb_column type=\u00a0\u00bb4_4&Prime; _builder_version=\u00a0\u00bb4.16&Prime; global_colors_info=\u00a0\u00bb{}\u00a0\u00bb][et_pb_text _builder_version=\u00a0\u00bb4.16&Prime; header_3_font=\u00a0\u00bbRubik||||||||\u00a0\u00bb header_3_text_align=\u00a0\u00bbcenter\u00a0\u00bb header_3_font_size=\u00a0\u00bb36px\u00a0\u00bb global_colors_info=\u00a0\u00bb{}\u00a0\u00bb]<\/p>\n<h3>D\u2019autres produits<\/h3>\n<p>[\/et_pb_text][\/et_pb_column][\/et_pb_row][et_pb_row _builder_version=\u00a0\u00bb4.16&Prime; background_size=\u00a0\u00bbinitial\u00a0\u00bb background_position=\u00a0\u00bbtop_left\u00a0\u00bb background_repeat=\u00a0\u00bbrepeat\u00a0\u00bb width=\u00a0\u00bb100%\u00a0\u00bb global_colors_info=\u00a0\u00bb{}\u00a0\u00bb][et_pb_column type=\u00a0\u00bb4_4&Prime; _builder_version=\u00a0\u00bb4.16&Prime; custom_padding=\u00a0\u00bb|||\u00a0\u00bb global_colors_info=\u00a0\u00bb{}\u00a0\u00bb custom_padding__hover=\u00a0\u00bb|||\u00a0\u00bb][et_pb_wc_upsells _builder_version=\u00a0\u00bb4.16&Prime; global_colors_info=\u00a0\u00bb{}\u00a0\u00bb][\/et_pb_wc_upsells][et_pb_wc_related_products _builder_version=\u00a0\u00bb4.16&Prime; global_colors_info=\u00a0\u00bb{}\u00a0\u00bb][\/et_pb_wc_related_products][\/et_pb_column][\/et_pb_row][\/et_pb_section]<\/p>\n","protected":false},"excerpt":{"rendered":"<p>Housse pour MacBook Air 13&Prime; \/ Pro 13&Prime; \/ Documents A4<\/p>\n","protected":false},"featured_media":42164,"template":"","meta":{"_et_pb_use_builder":"on","_et_pb_old_content":"Housse pour prot\u00e9ger votre ordinateur portable des chocs, des rayures et de la poussi\u00e8re.\r\nVous pourrez toujours emporter votre appareil avec vous en toute s\u00e9curit\u00e9.\r\nCompatible avec MacBook Pro 13\", MacBook Air 13\" (tous les mod\u00e8les \u00e0 partir de 2018), MacBook 12\" et les ordinateurs portables jusqu'\u00e0 30,4x21,2x1,49 cm. Fermeture \u00e0 bouton.\r\n\r\nDoublure int\u00e9rieure en jersey synth\u00e9tique noir, n\u00e9opr\u00e8ne 3 mm coupl\u00e9e \u00e0 un tissu ext\u00e9rieur.\r\n\r\nFabriqu\u00e9 en Italie.","_et_gb_content_width":""},"product_brand":[],"product_cat":[1344,1770,1332,1333,1768],"product_tag":[1259],"class_list":{"0":"post-48079","1":"product","2":"type-product","3":"status-publish","4":"has-post-thumbnail","6":"product_cat-housses","7":"product_cat-macbook-avec-bouton","8":"product_cat-accessoires","9":"product_cat-pochette-avec-bouton","10":"product_cat-porte-document","11":"product_tag-dalia-red-fr","12":"pa_care-laver-a-la-main","13":"pa_dimensioni-per-computer-fino-a-304-x-212-x-149-cm-fr","14":"pa_made-in-italy-fr","15":"pa_materiale-poliestere-e-acetato-neoprene-fr","16":"pa_textile-dalia-red-fr","18":"first","19":"instock","20":"shipping-taxable","21":"purchasable","22":"product-type-simple"},"yoast_head":"<!-- This site is optimized with the Yoast SEO plugin v23.0 - https:\/\/yoast.com\/wordpress\/plugins\/seo\/ -->\n<title>Housse pour MacBook Air 13&quot; \/ Pro 13&quot; \/ Documents A4 avec bouton Dalia Red - Pijama<\/title>\n<meta name=\"description\" content=\"Housse pour MacBook Air 13&quot; \/ Pro 13&quot; \/ Documents A4 avec bouton Dalia Red - Pijama - Housse pour MacBook Air 13&quot; \/ Pro 13&quot; \/ Documents A4\" \/>\n<meta name=\"robots\" content=\"index, follow, max-snippet:-1, max-image-preview:large, max-video-preview:-1\" \/>\n<link rel=\"canonical\" href=\"https:\/\/www.pijama.it\/fr\/produit\/housse-pour-macbook-air-13-pro-13-documents-a4-avec-bouton-dalia\/\" \/>\n<meta property=\"og:locale\" content=\"fr_FR\" \/>\n<meta property=\"og:type\" content=\"article\" \/>\n<meta property=\"og:title\" content=\"Housse pour MacBook Air 13&quot; \/ Pro 13&quot; \/ Documents A4 avec bouton Dalia Red - Pijama\" \/>\n<meta property=\"og:description\" content=\"Housse pour MacBook Air 13&quot; \/ Pro 13&quot; \/ Documents A4 avec bouton Dalia Red - Pijama - Housse pour MacBook Air 13&quot; \/ Pro 13&quot; \/ Documents A4\" \/>\n<meta property=\"og:url\" content=\"https:\/\/www.pijama.it\/fr\/produit\/housse-pour-macbook-air-13-pro-13-documents-a4-avec-bouton-dalia\/\" \/>\n<meta property=\"og:site_name\" content=\"Pijama\" \/>\n<meta property=\"article:publisher\" content=\"https:\/\/www.facebook.com\/pijama.softcases\" \/>\n<meta property=\"article:modified_time\" content=\"2024-11-21T16:39:21+00:00\" \/>\n<meta property=\"og:image\" content=\"https:\/\/www.pijama.it\/wp-content\/uploads\/2021\/08\/F13FLDA.jpg\" \/>\n\t<meta property=\"og:image:width\" content=\"900\" \/>\n\t<meta property=\"og:image:height\" content=\"600\" \/>\n\t<meta property=\"og:image:type\" content=\"image\/jpeg\" \/>\n<meta name=\"twitter:card\" content=\"summary_large_image\" \/>\n<meta name=\"twitter:label1\" content=\"Dur\u00e9e de lecture estim\u00e9e\" \/>\n\t<meta name=\"twitter:data1\" content=\"3 minutes\" \/>\n<script type=\"application\/ld+json\" class=\"yoast-schema-graph\">{\"@context\":\"https:\/\/schema.org\",\"@graph\":[{\"@type\":\"WebPage\",\"@id\":\"https:\/\/www.pijama.it\/fr\/produit\/housse-pour-macbook-air-13-pro-13-documents-a4-avec-bouton-dalia\/\",\"url\":\"https:\/\/www.pijama.it\/fr\/produit\/housse-pour-macbook-air-13-pro-13-documents-a4-avec-bouton-dalia\/\",\"name\":\"Housse pour MacBook Air 13\\\" \/ Pro 13\\\" \/ Documents A4 avec bouton Dalia Red - Pijama\",\"isPartOf\":{\"@id\":\"https:\/\/www.pijama.it\/#website\"},\"primaryImageOfPage\":{\"@id\":\"https:\/\/www.pijama.it\/fr\/produit\/housse-pour-macbook-air-13-pro-13-documents-a4-avec-bouton-dalia\/#primaryimage\"},\"image\":{\"@id\":\"https:\/\/www.pijama.it\/fr\/produit\/housse-pour-macbook-air-13-pro-13-documents-a4-avec-bouton-dalia\/#primaryimage\"},\"thumbnailUrl\":\"https:\/\/www.pijama.it\/wp-content\/uploads\/2021\/08\/F13FLDA.jpg\",\"datePublished\":\"2021-08-28T14:25:16+00:00\",\"dateModified\":\"2024-11-21T16:39:21+00:00\",\"description\":\"Housse pour MacBook Air 13\\\" \/ Pro 13\\\" \/ Documents A4 avec bouton Dalia Red - Pijama - Housse pour MacBook Air 13\\\" \/ Pro 13\\\" \/ Documents A4\",\"breadcrumb\":{\"@id\":\"https:\/\/www.pijama.it\/fr\/produit\/housse-pour-macbook-air-13-pro-13-documents-a4-avec-bouton-dalia\/#breadcrumb\"},\"inLanguage\":\"fr-FR\",\"potentialAction\":[{\"@type\":\"ReadAction\",\"target\":[\"https:\/\/www.pijama.it\/fr\/produit\/housse-pour-macbook-air-13-pro-13-documents-a4-avec-bouton-dalia\/\"]}]},{\"@type\":\"ImageObject\",\"inLanguage\":\"fr-FR\",\"@id\":\"https:\/\/www.pijama.it\/fr\/produit\/housse-pour-macbook-air-13-pro-13-documents-a4-avec-bouton-dalia\/#primaryimage\",\"url\":\"https:\/\/www.pijama.it\/wp-content\/uploads\/2021\/08\/F13FLDA.jpg\",\"contentUrl\":\"https:\/\/www.pijama.it\/wp-content\/uploads\/2021\/08\/F13FLDA.jpg\",\"width\":900,\"height\":600},{\"@type\":\"BreadcrumbList\",\"@id\":\"https:\/\/www.pijama.it\/fr\/produit\/housse-pour-macbook-air-13-pro-13-documents-a4-avec-bouton-dalia\/#breadcrumb\",\"itemListElement\":[{\"@type\":\"ListItem\",\"position\":1,\"name\":\"Home\",\"item\":\"https:\/\/www.pijama.it\/fr\/\"},{\"@type\":\"ListItem\",\"position\":2,\"name\":\"Shop\",\"item\":\"https:\/\/www.pijama.it\/fr\/shop\/\"},{\"@type\":\"ListItem\",\"position\":3,\"name\":\"Housse pour MacBook Air 13&#8243; \/ Pro 13&#8243; \/ Documents A4 avec bouton Dalia Red\"}]},{\"@type\":\"WebSite\",\"@id\":\"https:\/\/www.pijama.it\/#website\",\"url\":\"https:\/\/www.pijama.it\/\",\"name\":\"Pijama - Custodie e zaini in tessuto e neoprene\",\"description\":\"Pijama\",\"publisher\":{\"@id\":\"https:\/\/www.pijama.it\/#organization\"},\"alternateName\":\"Custodie e zaini in tessuto e neoprene\",\"potentialAction\":[{\"@type\":\"SearchAction\",\"target\":{\"@type\":\"EntryPoint\",\"urlTemplate\":\"https:\/\/www.pijama.it\/?s={search_term_string}\"},\"query-input\":\"required name=search_term_string\"}],\"inLanguage\":\"fr-FR\"},{\"@type\":\"Organization\",\"@id\":\"https:\/\/www.pijama.it\/#organization\",\"name\":\"Pijama\",\"alternateName\":\"Custodie e zaini in tessuto e neoprene\",\"url\":\"https:\/\/www.pijama.it\/\",\"logo\":{\"@type\":\"ImageObject\",\"inLanguage\":\"fr-FR\",\"@id\":\"https:\/\/www.pijama.it\/#\/schema\/logo\/image\/\",\"url\":\"https:\/\/www.pijama.it\/wp-content\/uploads\/2019\/11\/logo_payoff-1.png\",\"contentUrl\":\"https:\/\/www.pijama.it\/wp-content\/uploads\/2019\/11\/logo_payoff-1.png\",\"width\":160,\"height\":54,\"caption\":\"Pijama\"},\"image\":{\"@id\":\"https:\/\/www.pijama.it\/#\/schema\/logo\/image\/\"},\"sameAs\":[\"https:\/\/www.facebook.com\/pijama.softcases\",\"https:\/\/www.instagram.com\/pijamagram\/\",\"https:\/\/www.pinterest.it\/pijamamilano\/\"]}]}<\/script>\n<!-- \/ Yoast SEO plugin. -->","yoast_head_json":{"title":"Housse pour MacBook Air 13\" \/ Pro 13\" \/ Documents A4 avec bouton Dalia Red - Pijama","description":"Housse pour MacBook Air 13\" \/ Pro 13\" \/ Documents A4 avec bouton Dalia Red - Pijama - Housse pour MacBook Air 13\" \/ Pro 13\" \/ Documents A4","robots":{"index":"index","follow":"follow","max-snippet":"max-snippet:-1","max-image-preview":"max-image-preview:large","max-video-preview":"max-video-preview:-1"},"canonical":"https:\/\/www.pijama.it\/fr\/produit\/housse-pour-macbook-air-13-pro-13-documents-a4-avec-bouton-dalia\/","og_locale":"fr_FR","og_type":"article","og_title":"Housse pour MacBook Air 13\" \/ Pro 13\" \/ Documents A4 avec bouton Dalia Red - Pijama","og_description":"Housse pour MacBook Air 13\" \/ Pro 13\" \/ Documents A4 avec bouton Dalia Red - Pijama - Housse pour MacBook Air 13\" \/ Pro 13\" \/ Documents A4","og_url":"https:\/\/www.pijama.it\/fr\/produit\/housse-pour-macbook-air-13-pro-13-documents-a4-avec-bouton-dalia\/","og_site_name":"Pijama","article_publisher":"https:\/\/www.facebook.com\/pijama.softcases","article_modified_time":"2024-11-21T16:39:21+00:00","og_image":[{"width":900,"height":600,"url":"https:\/\/www.pijama.it\/wp-content\/uploads\/2021\/08\/F13FLDA.jpg","type":"image\/jpeg"}],"twitter_card":"summary_large_image","twitter_misc":{"Dur\u00e9e de lecture estim\u00e9e":"3 minutes"},"schema":{"@context":"https:\/\/schema.org","@graph":[{"@type":"WebPage","@id":"https:\/\/www.pijama.it\/fr\/produit\/housse-pour-macbook-air-13-pro-13-documents-a4-avec-bouton-dalia\/","url":"https:\/\/www.pijama.it\/fr\/produit\/housse-pour-macbook-air-13-pro-13-documents-a4-avec-bouton-dalia\/","name":"Housse pour MacBook Air 13\" \/ Pro 13\" \/ Documents A4 avec bouton Dalia Red - Pijama","isPartOf":{"@id":"https:\/\/www.pijama.it\/#website"},"primaryImageOfPage":{"@id":"https:\/\/www.pijama.it\/fr\/produit\/housse-pour-macbook-air-13-pro-13-documents-a4-avec-bouton-dalia\/#primaryimage"},"image":{"@id":"https:\/\/www.pijama.it\/fr\/produit\/housse-pour-macbook-air-13-pro-13-documents-a4-avec-bouton-dalia\/#primaryimage"},"thumbnailUrl":"https:\/\/www.pijama.it\/wp-content\/uploads\/2021\/08\/F13FLDA.jpg","datePublished":"2021-08-28T14:25:16+00:00","dateModified":"2024-11-21T16:39:21+00:00","description":"Housse pour MacBook Air 13\" \/ Pro 13\" \/ Documents A4 avec bouton Dalia Red - Pijama - Housse pour MacBook Air 13\" \/ Pro 13\" \/ Documents A4","breadcrumb":{"@id":"https:\/\/www.pijama.it\/fr\/produit\/housse-pour-macbook-air-13-pro-13-documents-a4-avec-bouton-dalia\/#breadcrumb"},"inLanguage":"fr-FR","potentialAction":[{"@type":"ReadAction","target":["https:\/\/www.pijama.it\/fr\/produit\/housse-pour-macbook-air-13-pro-13-documents-a4-avec-bouton-dalia\/"]}]},{"@type":"ImageObject","inLanguage":"fr-FR","@id":"https:\/\/www.pijama.it\/fr\/produit\/housse-pour-macbook-air-13-pro-13-documents-a4-avec-bouton-dalia\/#primaryimage","url":"https:\/\/www.pijama.it\/wp-content\/uploads\/2021\/08\/F13FLDA.jpg","contentUrl":"https:\/\/www.pijama.it\/wp-content\/uploads\/2021\/08\/F13FLDA.jpg","width":900,"height":600},{"@type":"BreadcrumbList","@id":"https:\/\/www.pijama.it\/fr\/produit\/housse-pour-macbook-air-13-pro-13-documents-a4-avec-bouton-dalia\/#breadcrumb","itemListElement":[{"@type":"ListItem","position":1,"name":"Home","item":"https:\/\/www.pijama.it\/fr\/"},{"@type":"ListItem","position":2,"name":"Shop","item":"https:\/\/www.pijama.it\/fr\/shop\/"},{"@type":"ListItem","position":3,"name":"Housse pour MacBook Air 13&#8243; \/ Pro 13&#8243; \/ Documents A4 avec bouton Dalia Red"}]},{"@type":"WebSite","@id":"https:\/\/www.pijama.it\/#website","url":"https:\/\/www.pijama.it\/","name":"Pijama - Custodie e zaini in tessuto e neoprene","description":"Pijama","publisher":{"@id":"https:\/\/www.pijama.it\/#organization"},"alternateName":"Custodie e zaini in tessuto e neoprene","potentialAction":[{"@type":"SearchAction","target":{"@type":"EntryPoint","urlTemplate":"https:\/\/www.pijama.it\/?s={search_term_string}"},"query-input":"required name=search_term_string"}],"inLanguage":"fr-FR"},{"@type":"Organization","@id":"https:\/\/www.pijama.it\/#organization","name":"Pijama","alternateName":"Custodie e zaini in tessuto e neoprene","url":"https:\/\/www.pijama.it\/","logo":{"@type":"ImageObject","inLanguage":"fr-FR","@id":"https:\/\/www.pijama.it\/#\/schema\/logo\/image\/","url":"https:\/\/www.pijama.it\/wp-content\/uploads\/2019\/11\/logo_payoff-1.png","contentUrl":"https:\/\/www.pijama.it\/wp-content\/uploads\/2019\/11\/logo_payoff-1.png","width":160,"height":54,"caption":"Pijama"},"image":{"@id":"https:\/\/www.pijama.it\/#\/schema\/logo\/image\/"},"sameAs":["https:\/\/www.facebook.com\/pijama.softcases","https:\/\/www.instagram.com\/pijamagram\/","https:\/\/www.pinterest.it\/pijamamilano\/"]}]}},"_links":{"self":[{"href":"https:\/\/www.pijama.it\/fr\/wp-json\/wp\/v2\/product\/48079","targetHints":{"allow":["GET"]}}],"collection":[{"href":"https:\/\/www.pijama.it\/fr\/wp-json\/wp\/v2\/product"}],"about":[{"href":"https:\/\/www.pijama.it\/fr\/wp-json\/wp\/v2\/types\/product"}],"wp:featuredmedia":[{"embeddable":true,"href":"https:\/\/www.pijama.it\/fr\/wp-json\/wp\/v2\/media\/42164"}],"wp:attachment":[{"href":"https:\/\/www.pijama.it\/fr\/wp-json\/wp\/v2\/media?parent=48079"}],"wp:term":[{"taxonomy":"product_brand","embeddable":true,"href":"https:\/\/www.pijama.it\/fr\/wp-json\/wp\/v2\/product_brand?post=48079"},{"taxonomy":"product_cat","embeddable":true,"href":"https:\/\/www.pijama.it\/fr\/wp-json\/wp\/v2\/product_cat?post=48079"},{"taxonomy":"product_tag","embeddable":true,"href":"https:\/\/www.pijama.it\/fr\/wp-json\/wp\/v2\/product_tag?post=48079"}],"curies":[{"name":"wp","href":"https:\/\/api.w.org\/{rel}","templated":true}]}}