{"id":45034,"date":"2023-09-09T19:16:55","date_gmt":"2023-09-09T17:16:57","guid":{"rendered":"https:\/\/www.pijama.it\/?post_type=product&#038;p=45034"},"modified":"2024-12-06T15:06:55","modified_gmt":"2024-12-06T14:06:55","slug":"trousse-de-toilette-lurex-prisma","status":"publish","type":"product","link":"https:\/\/www.pijama.it\/fr\/produit\/trousse-de-toilette-lurex-prisma\/","title":{"rendered":"Trousse de Toilette Lurex Prisma"},"content":{"rendered":"<p>[et_pb_section fb_built=\u00a0\u00bb1&Prime; _builder_version=\u00a0\u00bb4.16&Prime; background_color=\u00a0\u00bb#fafafa\u00a0\u00bb module_alignment=\u00a0\u00bbcenter\u00a0\u00bb custom_padding=\u00a0\u00bb0px||||false|false\u00a0\u00bb global_colors_info=\u00a0\u00bb{}\u00a0\u00bb][et_pb_row _builder_version=\u00a0\u00bb4.16&Prime; background_size=\u00a0\u00bbinitial\u00a0\u00bb background_position=\u00a0\u00bbtop_left\u00a0\u00bb background_repeat=\u00a0\u00bbrepeat\u00a0\u00bb width=\u00a0\u00bb100%\u00a0\u00bb max_width=\u00a0\u00bb1690px\u00a0\u00bb custom_padding=\u00a0\u00bb0px||0px||false|false\u00a0\u00bb global_colors_info=\u00a0\u00bb{}\u00a0\u00bb][et_pb_column type=\u00a0\u00bb4_4&Prime; _builder_version=\u00a0\u00bb4.16&Prime; custom_padding=\u00a0\u00bb|||\u00a0\u00bb global_colors_info=\u00a0\u00bb{}\u00a0\u00bb custom_padding__hover=\u00a0\u00bb|||\u00a0\u00bb][et_pb_wc_breadcrumb _builder_version=\u00a0\u00bb4.16&Prime; custom_margin=\u00a0\u00bb0em|0em|3em|0em|false|false\u00a0\u00bb global_colors_info=\u00a0\u00bb{}\u00a0\u00bb][\/et_pb_wc_breadcrumb][et_pb_wc_cart_notice _builder_version=\u00a0\u00bb4.16&Prime; global_colors_info=\u00a0\u00bb{}\u00a0\u00bb][\/et_pb_wc_cart_notice][\/et_pb_column][\/et_pb_row][et_pb_row column_structure=\u00a0\u00bb1_3,2_3&Prime; _builder_version=\u00a0\u00bb4.16&Prime; background_size=\u00a0\u00bbinitial\u00a0\u00bb background_position=\u00a0\u00bbtop_left\u00a0\u00bb background_repeat=\u00a0\u00bbrepeat\u00a0\u00bb width=\u00a0\u00bb100%\u00a0\u00bb max_width=\u00a0\u00bb1911px\u00a0\u00bb custom_padding=\u00a0\u00bb0px||||false|false\u00a0\u00bb global_colors_info=\u00a0\u00bb{}\u00a0\u00bb][et_pb_column type=\u00a0\u00bb1_3&Prime; _builder_version=\u00a0\u00bb4.16&Prime; custom_padding=\u00a0\u00bb|||\u00a0\u00bb global_colors_info=\u00a0\u00bb{}\u00a0\u00bb custom_padding__hover=\u00a0\u00bb|||\u00a0\u00bb][et_pb_text _builder_version=\u00a0\u00bb4.22.1&Prime; header_font=\u00a0\u00bbRubik||||||||\u00a0\u00bb header_font_size=\u00a0\u00bb36px\u00a0\u00bb global_colors_info=\u00a0\u00bb{}\u00a0\u00bb]<\/p>\n<h1>Trousse de Toilette<br \/><span class=\"sotto\">Lurex Prisma<\/span><\/h1>\n<p>[\/et_pb_text][et_pb_wc_meta show_sku=\u00a0\u00bboff\u00a0\u00bb show_categories=\u00a0\u00bboff\u00a0\u00bb show_tags=\u00a0\u00bboff\u00a0\u00bb admin_label=\u00a0\u00bbWoo Meta\u00a0\u00bb _builder_version=\u00a0\u00bb4.16&Prime; global_colors_info=\u00a0\u00bb{}\u00a0\u00bb][\/et_pb_wc_meta][et_pb_wc_price _builder_version=\u00a0\u00bb4.16&Prime; global_colors_info=\u00a0\u00bb{}\u00a0\u00bb][\/et_pb_wc_price][et_pb_image src=\u00a0\u00bbhttps:\/\/www.pijama.it\/wp-content\/uploads\/2023\/09\/pijama_TOB.png\u00a0\u00bb title_text=\u00a0\u00bbpijama_TOB\u00a0\u00bb _builder_version=\u00a0\u00bb4.22.1&Prime; global_colors_info=\u00a0\u00bb{}\u00a0\u00bb][\/et_pb_image][et_pb_wc_add_to_cart show_quantity=\u00a0\u00bboff\u00a0\u00bb _builder_version=\u00a0\u00bb4.16&Prime; custom_button=\u00a0\u00bbon\u00a0\u00bb button_text_size=\u00a0\u00bb60px\u00a0\u00bb button_text_color=\u00a0\u00bb#000000&Prime; button_border_width=\u00a0\u00bb0px\u00a0\u00bb button_border_color=\u00a0\u00bbrgba(0,0,0,0)\u00a0\u00bb button_font=\u00a0\u00bbRubik||||||||\u00a0\u00bb custom_margin=\u00a0\u00bb110px||50px||false|false\u00a0\u00bb global_colors_info=\u00a0\u00bb{}\u00a0\u00bb][\/et_pb_wc_add_to_cart][\/et_pb_column][et_pb_column type=\u00a0\u00bb2_3&Prime; _builder_version=\u00a0\u00bb4.16&Prime; custom_padding=\u00a0\u00bb|||\u00a0\u00bb global_colors_info=\u00a0\u00bb{}\u00a0\u00bb custom_padding__hover=\u00a0\u00bb|||\u00a0\u00bb][et_pb_wc_images show_product_gallery=\u00a0\u00bboff\u00a0\u00bb show_sale_badge=\u00a0\u00bboff\u00a0\u00bb _builder_version=\u00a0\u00bb4.16&Prime; module_alignment=\u00a0\u00bbright\u00a0\u00bb min_height=\u00a0\u00bb100%\u00a0\u00bb max_height=\u00a0\u00bb100%\u00a0\u00bb global_colors_info=\u00a0\u00bb{}\u00a0\u00bb][\/et_pb_wc_images][\/et_pb_column][\/et_pb_row][et_pb_row _builder_version=\u00a0\u00bb4.16&Prime; background_size=\u00a0\u00bbinitial\u00a0\u00bb background_position=\u00a0\u00bbtop_left\u00a0\u00bb background_repeat=\u00a0\u00bbrepeat\u00a0\u00bb width=\u00a0\u00bb100%\u00a0\u00bb max_width=\u00a0\u00bb1280px\u00a0\u00bb custom_padding=\u00a0\u00bb0px||||false|false\u00a0\u00bb saved_tabs=\u00a0\u00bball\u00a0\u00bb global_colors_info=\u00a0\u00bb{}\u00a0\u00bb][et_pb_column type=\u00a0\u00bb4_4&Prime; _builder_version=\u00a0\u00bb4.16&Prime; custom_padding=\u00a0\u00bb|||\u00a0\u00bb global_colors_info=\u00a0\u00bb{}\u00a0\u00bb custom_padding__hover=\u00a0\u00bb|||\u00a0\u00bb][et_pb_text admin_label=\u00a0\u00bbTIRELLE toilet bag\u00a0\u00bb _builder_version=\u00a0\u00bb4.26.0&Prime; hover_enabled=\u00a0\u00bb0&Prime; saved_tabs=\u00a0\u00bball\u00a0\u00bb global_colors_info=\u00a0\u00bb{}\u00a0\u00bb sticky_enabled=\u00a0\u00bb0&Prime;]<\/p>\n<div class=\"tirelle\"><a href=\"https:\/\/www.pijama.it\/fr\/produit\/trousse-de-toilette-lurex-prisma\/\"><img loading=\"lazy\" decoding=\"async\" class=\"wp-image-1201 alignnone size-full\" src=\"https:\/\/www.pijama.it\/wp-content\/uploads\/2020\/02\/LUPR.jpg\" alt=\"\" width=\"40\" height=\"40\" \/><\/a> <a href=\"https:\/\/www.pijama.it\/fr\/produit\/trousse-de-toilette-sofa-lurex\/\"><img loading=\"lazy\" decoding=\"async\" class=\"wp-image-1208 alignnone size-full\" src=\"https:\/\/www.pijama.it\/wp-content\/uploads\/2020\/02\/SOLU.jpg\" alt=\"\" width=\"40\" height=\"40\" \/><\/a> <a href=\"https:\/\/www.pijama.it\/fr\/produit\/trousse-de-toilette-zigzag-black\/\"><img loading=\"lazy\" decoding=\"async\" class=\"wp-image-1241 alignnone size-full\" src=\"https:\/\/www.pijama.it\/wp-content\/uploads\/2020\/02\/ZIBK.jpg\" alt=\"\" width=\"40\" height=\"40\" \/><\/a><\/div>\n<p>[\/et_pb_text][\/et_pb_column][\/et_pb_row][et_pb_row column_structure=\u00a0\u00bb3_5,2_5&Prime; _builder_version=\u00a0\u00bb4.16&Prime; width=\u00a0\u00bb100%\u00a0\u00bb max_width=\u00a0\u00bb1280px\u00a0\u00bb global_colors_info=\u00a0\u00bb{}\u00a0\u00bb][et_pb_column type=\u00a0\u00bb3_5&Prime; _builder_version=\u00a0\u00bb4.16&Prime; global_colors_info=\u00a0\u00bb{}\u00a0\u00bb][et_pb_image src=\u00a0\u00bbhttps:\/\/www.pijama.it\/wp-content\/uploads\/2023\/09\/TOBLUPR-2.jpg\u00a0\u00bb title_text=\u00a0\u00bbTOBLUPR-2&Prime; admin_label=\u00a0\u00bbIMMAGINE TEXTILE\u00a0\u00bb _builder_version=\u00a0\u00bb4.22.1&Prime; global_colors_info=\u00a0\u00bb{}\u00a0\u00bb][\/et_pb_image][\/et_pb_column][et_pb_column type=\u00a0\u00bb2_5&Prime; _builder_version=\u00a0\u00bb4.16&Prime; global_colors_info=\u00a0\u00bb{}\u00a0\u00bb][et_pb_wc_additional_info _builder_version=\u00a0\u00bb4.16&Prime; global_colors_info=\u00a0\u00bb{}\u00a0\u00bb][\/et_pb_wc_additional_info][et_pb_wc_meta show_categories=\u00a0\u00bboff\u00a0\u00bb show_tags=\u00a0\u00bboff\u00a0\u00bb admin_label=\u00a0\u00bbWoo Meta\u00a0\u00bb _builder_version=\u00a0\u00bb4.16&Prime; link_option_url=\u00a0\u00bb#\u00a0\u00bb global_colors_info=\u00a0\u00bb{}\u00a0\u00bb][\/et_pb_wc_meta][et_pb_wc_description description_type=\u00a0\u00bbdescription\u00a0\u00bb admin_label=\u00a0\u00bbWoo Description\u00a0\u00bb _builder_version=\u00a0\u00bb4.16&Prime; global_colors_info=\u00a0\u00bb{}\u00a0\u00bb][\/et_pb_wc_description][\/et_pb_column][\/et_pb_row][et_pb_row _builder_version=\u00a0\u00bb4.22.1&Prime; _module_preset=\u00a0\u00bbdefault\u00a0\u00bb global_colors_info=\u00a0\u00bb{}\u00a0\u00bb][et_pb_column type=\u00a0\u00bb4_4&Prime; _builder_version=\u00a0\u00bb4.22.1&Prime; _module_preset=\u00a0\u00bbdefault\u00a0\u00bb global_colors_info=\u00a0\u00bb{}\u00a0\u00bb][et_pb_image src=\u00a0\u00bbhttps:\/\/www.pijama.it\/wp-content\/uploads\/2023\/09\/TOBLUPR.jpg\u00a0\u00bb title_text=\u00a0\u00bbTOBLUPR\u00a0\u00bb align=\u00a0\u00bbright\u00a0\u00bb _builder_version=\u00a0\u00bb4.22.1&Prime; _module_preset=\u00a0\u00bbdefault\u00a0\u00bb global_colors_info=\u00a0\u00bb{}\u00a0\u00bb][\/et_pb_image][\/et_pb_column][\/et_pb_row][et_pb_row _builder_version=\u00a0\u00bb4.22.1&Prime; _module_preset=\u00a0\u00bbdefault\u00a0\u00bb global_colors_info=\u00a0\u00bb{}\u00a0\u00bb][et_pb_column type=\u00a0\u00bb4_4&Prime; _builder_version=\u00a0\u00bb4.22.1&Prime; _module_preset=\u00a0\u00bbdefault\u00a0\u00bb global_colors_info=\u00a0\u00bb{}\u00a0\u00bb][et_pb_image src=\u00a0\u00bbhttps:\/\/www.pijama.it\/wp-content\/uploads\/2023\/09\/TOBinterno.jpg\u00a0\u00bb title_text=\u00a0\u00bbTOBinterno\u00a0\u00bb _builder_version=\u00a0\u00bb4.22.1&Prime; _module_preset=\u00a0\u00bbdefault\u00a0\u00bb global_colors_info=\u00a0\u00bb{}\u00a0\u00bb][\/et_pb_image][\/et_pb_column][\/et_pb_row][et_pb_row _builder_version=\u00a0\u00bb4.16&Prime; global_colors_info=\u00a0\u00bb{}\u00a0\u00bb][et_pb_column type=\u00a0\u00bb4_4&Prime; _builder_version=\u00a0\u00bb4.16&Prime; global_colors_info=\u00a0\u00bb{}\u00a0\u00bb][et_pb_text _builder_version=\u00a0\u00bb4.16&Prime; header_3_font=\u00a0\u00bbRubik||||||||\u00a0\u00bb header_3_text_align=\u00a0\u00bbcenter\u00a0\u00bb header_3_font_size=\u00a0\u00bb36px\u00a0\u00bb global_colors_info=\u00a0\u00bb{}\u00a0\u00bb]<\/p>\n<h3>D\u2019autres produits<\/h3>\n<p>[\/et_pb_text][\/et_pb_column][\/et_pb_row][et_pb_row _builder_version=\u00a0\u00bb4.16&Prime; background_size=\u00a0\u00bbinitial\u00a0\u00bb background_position=\u00a0\u00bbtop_left\u00a0\u00bb background_repeat=\u00a0\u00bbrepeat\u00a0\u00bb width=\u00a0\u00bb100%\u00a0\u00bb global_colors_info=\u00a0\u00bb{}\u00a0\u00bb][et_pb_column type=\u00a0\u00bb4_4&Prime; _builder_version=\u00a0\u00bb4.16&Prime; custom_padding=\u00a0\u00bb|||\u00a0\u00bb global_colors_info=\u00a0\u00bb{}\u00a0\u00bb custom_padding__hover=\u00a0\u00bb|||\u00a0\u00bb][et_pb_wc_upsells _builder_version=\u00a0\u00bb4.16&Prime; global_colors_info=\u00a0\u00bb{}\u00a0\u00bb][\/et_pb_wc_upsells][et_pb_wc_related_products _builder_version=\u00a0\u00bb4.16&Prime; global_colors_info=\u00a0\u00bb{}\u00a0\u00bb][\/et_pb_wc_related_products][\/et_pb_column][\/et_pb_row][\/et_pb_section]<\/p>\n","protected":false},"excerpt":{"rendered":"<p>Trousse de Toilette<\/p>\n","protected":false},"featured_media":44838,"template":"","meta":{"_et_pb_use_builder":"on","_et_pb_old_content":"Sac de voyage pratique, il poss\u00e8de une poign\u00e9e confortable en coton noir et une poche int\u00e9rieure.\r\nFermeture zipp\u00e9e YKK - 20 x 14 x 11 h cm.\r\n\r\nDoublure int\u00e9rieure en jersey synth\u00e9tique, n\u00e9opr\u00e8ne 3 mm coupl\u00e9e \u00e0 un tissu ext\u00e9rieur.\r\n\r\nFabriqu\u00e9 en Italie.","_et_gb_content_width":""},"product_brand":[],"product_cat":[1492,1724],"product_tag":[1277],"class_list":{"0":"post-45034","1":"product","2":"type-product","3":"status-publish","4":"has-post-thumbnail","6":"product_cat-voyage","7":"product_cat-trousse-de-toilette-fr","8":"product_tag-lurex-prisma-fr","9":"pa_care-laver-a-la-main","10":"pa_dimensioni-20-x-14-x-11-h-cm-fr","11":"pa_made-in-italy-fr","12":"pa_materiale-lurex-jacquard-neoprene-fr","13":"pa_textile-lurex-prisma-fr","15":"first","16":"instock","17":"shipping-taxable","18":"purchasable","19":"product-type-simple"},"yoast_head":"<!-- This site is optimized with the Yoast SEO plugin v23.0 - https:\/\/yoast.com\/wordpress\/plugins\/seo\/ -->\n<title>Trousse de Toilette Lurex Prisma - Pijama<\/title>\n<meta name=\"description\" content=\"Trousse de Toilette Lurex Prisma - Pijama - Trousse de Toilette\" \/>\n<meta name=\"robots\" content=\"index, follow, max-snippet:-1, max-image-preview:large, max-video-preview:-1\" \/>\n<link rel=\"canonical\" href=\"https:\/\/www.pijama.it\/produit\/borsa-toilet-lurex-prisma\/\" \/>\n<meta property=\"og:locale\" content=\"fr_FR\" \/>\n<meta property=\"og:type\" content=\"article\" \/>\n<meta property=\"og:title\" content=\"Trousse de Toilette Lurex Prisma - Pijama\" \/>\n<meta property=\"og:description\" content=\"Trousse de Toilette Lurex Prisma - Pijama - Trousse de Toilette\" \/>\n<meta property=\"og:url\" content=\"https:\/\/www.pijama.it\/produit\/borsa-toilet-lurex-prisma\/\" \/>\n<meta property=\"og:site_name\" content=\"Pijama\" \/>\n<meta property=\"article:publisher\" content=\"https:\/\/www.facebook.com\/pijama.softcases\" \/>\n<meta property=\"article:modified_time\" content=\"2024-12-06T14:06:55+00:00\" \/>\n<meta property=\"og:image\" content=\"https:\/\/www.pijama.it\/wp-content\/uploads\/2023\/09\/TOBLUPR-3.jpg\" \/>\n\t<meta property=\"og:image:width\" content=\"900\" \/>\n\t<meta property=\"og:image:height\" content=\"600\" \/>\n\t<meta property=\"og:image:type\" content=\"image\/jpeg\" \/>\n<meta name=\"twitter:card\" content=\"summary_large_image\" \/>\n<meta name=\"twitter:label1\" content=\"Dur\u00e9e de lecture estim\u00e9e\" \/>\n\t<meta name=\"twitter:data1\" content=\"4 minutes\" \/>\n<script type=\"application\/ld+json\" class=\"yoast-schema-graph\">{\"@context\":\"https:\/\/schema.org\",\"@graph\":[{\"@type\":\"WebPage\",\"@id\":\"https:\/\/www.pijama.it\/produit\/borsa-toilet-lurex-prisma\/\",\"url\":\"https:\/\/www.pijama.it\/produit\/borsa-toilet-lurex-prisma\/\",\"name\":\"Trousse de Toilette Lurex Prisma - Pijama\",\"isPartOf\":{\"@id\":\"https:\/\/www.pijama.it\/#website\"},\"primaryImageOfPage\":{\"@id\":\"https:\/\/www.pijama.it\/produit\/borsa-toilet-lurex-prisma\/#primaryimage\"},\"image\":{\"@id\":\"https:\/\/www.pijama.it\/produit\/borsa-toilet-lurex-prisma\/#primaryimage\"},\"thumbnailUrl\":\"https:\/\/www.pijama.it\/wp-content\/uploads\/2023\/09\/TOBLUPR-3.jpg\",\"datePublished\":\"2023-09-09T17:16:57+00:00\",\"dateModified\":\"2024-12-06T14:06:55+00:00\",\"description\":\"Trousse de Toilette Lurex Prisma - Pijama - Trousse de Toilette\",\"breadcrumb\":{\"@id\":\"https:\/\/www.pijama.it\/produit\/borsa-toilet-lurex-prisma\/#breadcrumb\"},\"inLanguage\":\"fr-FR\",\"potentialAction\":[{\"@type\":\"ReadAction\",\"target\":[\"https:\/\/www.pijama.it\/produit\/borsa-toilet-lurex-prisma\/\"]}]},{\"@type\":\"ImageObject\",\"inLanguage\":\"fr-FR\",\"@id\":\"https:\/\/www.pijama.it\/produit\/borsa-toilet-lurex-prisma\/#primaryimage\",\"url\":\"https:\/\/www.pijama.it\/wp-content\/uploads\/2023\/09\/TOBLUPR-3.jpg\",\"contentUrl\":\"https:\/\/www.pijama.it\/wp-content\/uploads\/2023\/09\/TOBLUPR-3.jpg\",\"width\":900,\"height\":600},{\"@type\":\"BreadcrumbList\",\"@id\":\"https:\/\/www.pijama.it\/produit\/borsa-toilet-lurex-prisma\/#breadcrumb\",\"itemListElement\":[{\"@type\":\"ListItem\",\"position\":1,\"name\":\"Home\",\"item\":\"https:\/\/www.pijama.it\/fr\/\"},{\"@type\":\"ListItem\",\"position\":2,\"name\":\"Shop\",\"item\":\"https:\/\/www.pijama.it\/fr\/shop\/\"},{\"@type\":\"ListItem\",\"position\":3,\"name\":\"Trousse de Toilette Lurex Prisma\"}]},{\"@type\":\"WebSite\",\"@id\":\"https:\/\/www.pijama.it\/#website\",\"url\":\"https:\/\/www.pijama.it\/\",\"name\":\"Pijama - Custodie e zaini in tessuto e neoprene\",\"description\":\"Pijama\",\"publisher\":{\"@id\":\"https:\/\/www.pijama.it\/#organization\"},\"alternateName\":\"Custodie e zaini in tessuto e neoprene\",\"potentialAction\":[{\"@type\":\"SearchAction\",\"target\":{\"@type\":\"EntryPoint\",\"urlTemplate\":\"https:\/\/www.pijama.it\/?s={search_term_string}\"},\"query-input\":\"required name=search_term_string\"}],\"inLanguage\":\"fr-FR\"},{\"@type\":\"Organization\",\"@id\":\"https:\/\/www.pijama.it\/#organization\",\"name\":\"Pijama\",\"alternateName\":\"Custodie e zaini in tessuto e neoprene\",\"url\":\"https:\/\/www.pijama.it\/\",\"logo\":{\"@type\":\"ImageObject\",\"inLanguage\":\"fr-FR\",\"@id\":\"https:\/\/www.pijama.it\/#\/schema\/logo\/image\/\",\"url\":\"https:\/\/www.pijama.it\/wp-content\/uploads\/2019\/11\/logo_payoff-1.png\",\"contentUrl\":\"https:\/\/www.pijama.it\/wp-content\/uploads\/2019\/11\/logo_payoff-1.png\",\"width\":160,\"height\":54,\"caption\":\"Pijama\"},\"image\":{\"@id\":\"https:\/\/www.pijama.it\/#\/schema\/logo\/image\/\"},\"sameAs\":[\"https:\/\/www.facebook.com\/pijama.softcases\",\"https:\/\/www.instagram.com\/pijamagram\/\",\"https:\/\/www.pinterest.it\/pijamamilano\/\"]}]}<\/script>\n<!-- \/ Yoast SEO plugin. -->","yoast_head_json":{"title":"Trousse de Toilette Lurex Prisma - Pijama","description":"Trousse de Toilette Lurex Prisma - Pijama - Trousse de Toilette","robots":{"index":"index","follow":"follow","max-snippet":"max-snippet:-1","max-image-preview":"max-image-preview:large","max-video-preview":"max-video-preview:-1"},"canonical":"https:\/\/www.pijama.it\/produit\/borsa-toilet-lurex-prisma\/","og_locale":"fr_FR","og_type":"article","og_title":"Trousse de Toilette Lurex Prisma - Pijama","og_description":"Trousse de Toilette Lurex Prisma - Pijama - Trousse de Toilette","og_url":"https:\/\/www.pijama.it\/produit\/borsa-toilet-lurex-prisma\/","og_site_name":"Pijama","article_publisher":"https:\/\/www.facebook.com\/pijama.softcases","article_modified_time":"2024-12-06T14:06:55+00:00","og_image":[{"width":900,"height":600,"url":"https:\/\/www.pijama.it\/wp-content\/uploads\/2023\/09\/TOBLUPR-3.jpg","type":"image\/jpeg"}],"twitter_card":"summary_large_image","twitter_misc":{"Dur\u00e9e de lecture estim\u00e9e":"4 minutes"},"schema":{"@context":"https:\/\/schema.org","@graph":[{"@type":"WebPage","@id":"https:\/\/www.pijama.it\/produit\/borsa-toilet-lurex-prisma\/","url":"https:\/\/www.pijama.it\/produit\/borsa-toilet-lurex-prisma\/","name":"Trousse de Toilette Lurex Prisma - Pijama","isPartOf":{"@id":"https:\/\/www.pijama.it\/#website"},"primaryImageOfPage":{"@id":"https:\/\/www.pijama.it\/produit\/borsa-toilet-lurex-prisma\/#primaryimage"},"image":{"@id":"https:\/\/www.pijama.it\/produit\/borsa-toilet-lurex-prisma\/#primaryimage"},"thumbnailUrl":"https:\/\/www.pijama.it\/wp-content\/uploads\/2023\/09\/TOBLUPR-3.jpg","datePublished":"2023-09-09T17:16:57+00:00","dateModified":"2024-12-06T14:06:55+00:00","description":"Trousse de Toilette Lurex Prisma - Pijama - Trousse de Toilette","breadcrumb":{"@id":"https:\/\/www.pijama.it\/produit\/borsa-toilet-lurex-prisma\/#breadcrumb"},"inLanguage":"fr-FR","potentialAction":[{"@type":"ReadAction","target":["https:\/\/www.pijama.it\/produit\/borsa-toilet-lurex-prisma\/"]}]},{"@type":"ImageObject","inLanguage":"fr-FR","@id":"https:\/\/www.pijama.it\/produit\/borsa-toilet-lurex-prisma\/#primaryimage","url":"https:\/\/www.pijama.it\/wp-content\/uploads\/2023\/09\/TOBLUPR-3.jpg","contentUrl":"https:\/\/www.pijama.it\/wp-content\/uploads\/2023\/09\/TOBLUPR-3.jpg","width":900,"height":600},{"@type":"BreadcrumbList","@id":"https:\/\/www.pijama.it\/produit\/borsa-toilet-lurex-prisma\/#breadcrumb","itemListElement":[{"@type":"ListItem","position":1,"name":"Home","item":"https:\/\/www.pijama.it\/fr\/"},{"@type":"ListItem","position":2,"name":"Shop","item":"https:\/\/www.pijama.it\/fr\/shop\/"},{"@type":"ListItem","position":3,"name":"Trousse de Toilette Lurex Prisma"}]},{"@type":"WebSite","@id":"https:\/\/www.pijama.it\/#website","url":"https:\/\/www.pijama.it\/","name":"Pijama - Custodie e zaini in tessuto e neoprene","description":"Pijama","publisher":{"@id":"https:\/\/www.pijama.it\/#organization"},"alternateName":"Custodie e zaini in tessuto e neoprene","potentialAction":[{"@type":"SearchAction","target":{"@type":"EntryPoint","urlTemplate":"https:\/\/www.pijama.it\/?s={search_term_string}"},"query-input":"required name=search_term_string"}],"inLanguage":"fr-FR"},{"@type":"Organization","@id":"https:\/\/www.pijama.it\/#organization","name":"Pijama","alternateName":"Custodie e zaini in tessuto e neoprene","url":"https:\/\/www.pijama.it\/","logo":{"@type":"ImageObject","inLanguage":"fr-FR","@id":"https:\/\/www.pijama.it\/#\/schema\/logo\/image\/","url":"https:\/\/www.pijama.it\/wp-content\/uploads\/2019\/11\/logo_payoff-1.png","contentUrl":"https:\/\/www.pijama.it\/wp-content\/uploads\/2019\/11\/logo_payoff-1.png","width":160,"height":54,"caption":"Pijama"},"image":{"@id":"https:\/\/www.pijama.it\/#\/schema\/logo\/image\/"},"sameAs":["https:\/\/www.facebook.com\/pijama.softcases","https:\/\/www.instagram.com\/pijamagram\/","https:\/\/www.pinterest.it\/pijamamilano\/"]}]}},"_links":{"self":[{"href":"https:\/\/www.pijama.it\/fr\/wp-json\/wp\/v2\/product\/45034","targetHints":{"allow":["GET"]}}],"collection":[{"href":"https:\/\/www.pijama.it\/fr\/wp-json\/wp\/v2\/product"}],"about":[{"href":"https:\/\/www.pijama.it\/fr\/wp-json\/wp\/v2\/types\/product"}],"wp:featuredmedia":[{"embeddable":true,"href":"https:\/\/www.pijama.it\/fr\/wp-json\/wp\/v2\/media\/44838"}],"wp:attachment":[{"href":"https:\/\/www.pijama.it\/fr\/wp-json\/wp\/v2\/media?parent=45034"}],"wp:term":[{"taxonomy":"product_brand","embeddable":true,"href":"https:\/\/www.pijama.it\/fr\/wp-json\/wp\/v2\/product_brand?post=45034"},{"taxonomy":"product_cat","embeddable":true,"href":"https:\/\/www.pijama.it\/fr\/wp-json\/wp\/v2\/product_cat?post=45034"},{"taxonomy":"product_tag","embeddable":true,"href":"https:\/\/www.pijama.it\/fr\/wp-json\/wp\/v2\/product_tag?post=45034"}],"curies":[{"name":"wp","href":"https:\/\/api.w.org\/{rel}","templated":true}]}}