{"id":43842,"date":"2019-11-16T14:55:03","date_gmt":"2019-11-16T13:55:03","guid":{"rendered":"https:\/\/www.pijama.it\/product\/housse-pour-macbook-air-15-pro-15-retina-avec-zip-lurex-prisma\/"},"modified":"2025-04-24T23:37:05","modified_gmt":"2025-04-24T21:37:05","slug":"housse-pour-macbook-air-15-pro-15-retina-avec-zip-lurex-prisma","status":"publish","type":"product","link":"https:\/\/www.pijama.it\/fr\/produit\/housse-pour-macbook-air-15-pro-15-retina-avec-zip-lurex-prisma\/","title":{"rendered":"Housse Pour MacBook Air 15&Prime; \/ Pro 15&Prime; \/ Retina avec zip  Lurex Prisma"},"content":{"rendered":"<p>[et_pb_section fb_built=\u00a0\u00bb1&Prime; _builder_version=\u00a0\u00bb4.16&Prime; background_color=\u00a0\u00bb#fafafa\u00a0\u00bb module_alignment=\u00a0\u00bbcenter\u00a0\u00bb custom_padding=\u00a0\u00bb0px||||false|false\u00a0\u00bb global_colors_info=\u00a0\u00bb{}\u00a0\u00bb][et_pb_row _builder_version=\u00a0\u00bb4.16&Prime; background_size=\u00a0\u00bbinitial\u00a0\u00bb background_position=\u00a0\u00bbtop_left\u00a0\u00bb background_repeat=\u00a0\u00bbrepeat\u00a0\u00bb width=\u00a0\u00bb100%\u00a0\u00bb max_width=\u00a0\u00bb1690px\u00a0\u00bb custom_padding=\u00a0\u00bb0px||0px||false|false\u00a0\u00bb global_colors_info=\u00a0\u00bb{}\u00a0\u00bb][et_pb_column type=\u00a0\u00bb4_4&Prime; _builder_version=\u00a0\u00bb4.16&Prime; custom_padding=\u00a0\u00bb|||\u00a0\u00bb global_colors_info=\u00a0\u00bb{}\u00a0\u00bb custom_padding__hover=\u00a0\u00bb|||\u00a0\u00bb]<\/p>\n<p>[et_pb_wc_breadcrumb _builder_version=\u00a0\u00bb4.16&Prime; custom_margin=\u00a0\u00bb0em|0em|3em|0em|false|false\u00a0\u00bb global_colors_info=\u00a0\u00bb{}\u00a0\u00bb][\/et_pb_wc_breadcrumb][et_pb_wc_cart_notice _builder_version=\u00a0\u00bb4.16&Prime; global_colors_info=\u00a0\u00bb{}\u00a0\u00bb][\/et_pb_wc_cart_notice]<\/p>\n<p>[\/et_pb_column][\/et_pb_row][et_pb_row column_structure=\u00a0\u00bb1_3,2_3&Prime; _builder_version=\u00a0\u00bb4.16&Prime; background_size=\u00a0\u00bbinitial\u00a0\u00bb background_position=\u00a0\u00bbtop_left\u00a0\u00bb background_repeat=\u00a0\u00bbrepeat\u00a0\u00bb width=\u00a0\u00bb100%\u00a0\u00bb max_width=\u00a0\u00bb1911px\u00a0\u00bb custom_padding=\u00a0\u00bb0px||||false|false\u00a0\u00bb global_colors_info=\u00a0\u00bb{}\u00a0\u00bb][et_pb_column type=\u00a0\u00bb1_3&Prime; _builder_version=\u00a0\u00bb4.16&Prime; custom_padding=\u00a0\u00bb|||\u00a0\u00bb global_colors_info=\u00a0\u00bb{}\u00a0\u00bb custom_padding__hover=\u00a0\u00bb|||\u00a0\u00bb][et_pb_text _builder_version=\u00a0\u00bb4.21.0&Prime; header_font=\u00a0\u00bbRubik||||||||\u00a0\u00bb header_font_size=\u00a0\u00bb36px\u00a0\u00bb global_colors_info=\u00a0\u00bb{}\u00a0\u00bb]<\/p>\n<h1>Housse Pour MacBook Air 15&Prime; \/ Pro 15&Prime; \/ Retina avec zip <br \/><span class=\"sotto\">Lurex Prisma<\/span><\/h1>\n<p>[\/et_pb_text][et_pb_wc_meta show_sku=\u00a0\u00bboff\u00a0\u00bb show_categories=\u00a0\u00bboff\u00a0\u00bb show_tags=\u00a0\u00bboff\u00a0\u00bb admin_label=\u00a0\u00bbWoo Meta\u00a0\u00bb _builder_version=\u00a0\u00bb4.16&Prime; global_colors_info=\u00a0\u00bb{}\u00a0\u00bb][\/et_pb_wc_meta][et_pb_wc_price _builder_version=\u00a0\u00bb4.16&Prime; global_colors_info=\u00a0\u00bb{}\u00a0\u00bb][\/et_pb_wc_price][et_pb_image src=\u00a0\u00bbhttps:\/\/www.pijama.it\/wp-content\/uploads\/2019\/11\/pijama_Z13_6.png\u00a0\u00bb _builder_version=\u00a0\u00bb4.16&Prime; global_colors_info=\u00a0\u00bb{}\u00a0\u00bb][\/et_pb_image][et_pb_wc_add_to_cart show_quantity=\u00a0\u00bboff\u00a0\u00bb _builder_version=\u00a0\u00bb4.16&Prime; custom_button=\u00a0\u00bbon\u00a0\u00bb button_text_size=\u00a0\u00bb60px\u00a0\u00bb button_text_color=\u00a0\u00bb#000000&Prime; button_border_width=\u00a0\u00bb0px\u00a0\u00bb button_border_color=\u00a0\u00bbrgba(0,0,0,0)\u00a0\u00bb button_font=\u00a0\u00bbRubik||||||||\u00a0\u00bb custom_margin=\u00a0\u00bb110px||50px||false|false\u00a0\u00bb global_colors_info=\u00a0\u00bb{}\u00a0\u00bb][\/et_pb_wc_add_to_cart][\/et_pb_column][et_pb_column type=\u00a0\u00bb2_3&Prime; _builder_version=\u00a0\u00bb4.16&Prime; custom_padding=\u00a0\u00bb|||\u00a0\u00bb global_colors_info=\u00a0\u00bb{}\u00a0\u00bb custom_padding__hover=\u00a0\u00bb|||\u00a0\u00bb]<\/p>\n<p>[et_pb_wc_images show_product_gallery=\u00a0\u00bboff\u00a0\u00bb show_sale_badge=\u00a0\u00bboff\u00a0\u00bb _builder_version=\u00a0\u00bb4.16&Prime; module_alignment=\u00a0\u00bbright\u00a0\u00bb min_height=\u00a0\u00bb100%\u00a0\u00bb max_height=\u00a0\u00bb100%\u00a0\u00bb global_colors_info=\u00a0\u00bb{}\u00a0\u00bb][\/et_pb_wc_images]<\/p>\n<p>[\/et_pb_column][\/et_pb_row][et_pb_row _builder_version=\u00a0\u00bb4.0.2&Prime; background_size=\u00a0\u00bbinitial\u00a0\u00bb background_position=\u00a0\u00bbtop_left\u00a0\u00bb background_repeat=\u00a0\u00bbrepeat\u00a0\u00bb width=\u00a0\u00bb100%\u00a0\u00bb max_width=\u00a0\u00bb1280px\u00a0\u00bb custom_padding=\u00a0\u00bb0px||||false|false\u00a0\u00bb global_module=\u00a0\u00bb467&Prime; saved_tabs=\u00a0\u00bball\u00a0\u00bb global_colors_info=\u00a0\u00bb{}\u00a0\u00bb][et_pb_column type=\u00a0\u00bb4_4&Prime; _builder_version=\u00a0\u00bb4.16&Prime; custom_padding=\u00a0\u00bb|||\u00a0\u00bb global_colors_info=\u00a0\u00bb{}\u00a0\u00bb custom_padding__hover=\u00a0\u00bb|||\u00a0\u00bb][et_pb_text admin_label=\u00a0\u00bbTIRELLE MacBook Pro 15%22 \/ Retina Zip Case\u00a0\u00bb _builder_version=\u00a0\u00bb4.26.0&Prime; hover_enabled=\u00a0\u00bb0&Prime; global_colors_info=\u00a0\u00bb{}\u00a0\u00bb sticky_enabled=\u00a0\u00bb0&Prime;]<a href=\"https:\/\/www.pijama.it\/fr\/produit\/housse-pour-macbook-air-15-pro-15-retina-avec-zip-red-herringbone\/\"><img loading=\"lazy\" decoding=\"async\" class=\"wp-image-30907 alignnone size-full\" src=\"https:\/\/www.pijama.it\/wp-content\/uploads\/2024\/09\/DARH.jpg\" alt=\"\" width=\"40\" height=\"40\" \/><\/a> <a href=\"https:\/\/www.pijama.it\/fr\/produit\/housse-pour-macbook-air-15-pro-15-retina-avec-zip-velvet-cream\/\"><img loading=\"lazy\" decoding=\"async\" class=\"wp-image-30907 alignnone size-full\" src=\"https:\/\/www.pijama.it\/wp-content\/uploads\/2024\/09\/DS16.jpg\" alt=\"\" width=\"40\" height=\"40\" \/><\/a> <a href=\"https:\/\/www.pijama.it\/fr\/produit\/housse-pour-macbook-air-15-pro-15-retina-avec-zip-dandy-color\/\"><img loading=\"lazy\" decoding=\"async\" class=\"wp-image-30907 alignnone size-full\" src=\"https:\/\/www.pijama.it\/wp-content\/uploads\/2024\/09\/DACO.jpg\" alt=\"\" width=\"40\" height=\"40\" \/><\/a> <a href=\"https:\/\/www.pijama.it\/fr\/produit\/housse-pour-macbook-air-15-pro-15-retina-avec-zip-pied-de-poule\/\"><img loading=\"lazy\" decoding=\"async\" class=\"wp-image-30907 alignnone size-full\" src=\"https:\/\/www.pijama.it\/wp-content\/uploads\/2024\/09\/DAPP.jpg\" alt=\"\" width=\"40\" height=\"40\" \/><\/a> <a href=\"https:\/\/www.pijama.it\/fr\/produit\/housse-pour-macbook-air-15-pro-15-retina-avec-zip-dandy-blue-black\/\"><img loading=\"lazy\" decoding=\"async\" class=\"wp-image-30907 alignnone size-full\" src=\"https:\/\/www.pijama.it\/wp-content\/uploads\/2024\/09\/DABB.jpg\" alt=\"\" width=\"40\" height=\"40\" \/><\/a> <a href=\"https:\/\/www.pijama.it\/fr\/produit\/housse-pour-macbook-air-15-pro-15-retina-avec-zip-dalia-blue\/\"><img loading=\"lazy\" decoding=\"async\" class=\"wp-image-30907 alignnone size-full\" src=\"https:\/\/www.pijama.it\/wp-content\/uploads\/2022\/01\/FLDB.jpg\" alt=\"\" width=\"40\" height=\"40\" \/><\/a> <a href=\"https:\/\/www.pijama.it\/fr\/produit\/housse-pour-macbook-air-15-pro-15-retina-avec-zip-dalia\/\"><img loading=\"lazy\" decoding=\"async\" class=\"wp-image-30907 alignnone size-full\" src=\"https:\/\/www.pijama.it\/wp-content\/uploads\/2021\/08\/FLDA.jpg\" alt=\"\" width=\"40\" height=\"40\" \/><\/a> <a href=\"https:\/\/www.pijama.it\/fr\/produit\/housse-pour-macbook-air-15-pro-15-retina-avec-zip-prisma-red\"><img loading=\"lazy\" decoding=\"async\" class=\"wp-image-30907 alignnone size-full\" src=\"https:\/\/www.pijama.it\/wp-content\/uploads\/2023\/02\/PRRD.jpg\" alt=\"\" width=\"40\" height=\"40\" \/><\/a> <a href=\"https:\/\/www.pijama.it\/fr\/produit\/housse-pour-macbook-air-15-pro-15-retina-avec-zip-prisma-red\/\"><img loading=\"lazy\" decoding=\"async\" class=\"wp-image-30907 alignnone size-full\" src=\"https:\/\/www.pijama.it\/wp-content\/uploads\/2023\/02\/PRBL.jpg\" alt=\"\" width=\"40\" height=\"40\" \/><\/a> <a href=\"https:\/\/www.pijama.it\/fr\/produit\/housse-pour-macbook-air-15-pro-15-retina-avec-zip-lurex-turtle\/\"><img loading=\"lazy\" decoding=\"async\" class=\"wp-image-18354 alignnone size-full\" src=\"https:\/\/www.pijama.it\/wp-content\/uploads\/2020\/09\/LUTU.jpg\" alt=\"\" width=\"40\" height=\"40\" \/><\/a> <a href=\"https:\/\/www.pijama.it\/fr\/produit\/housse-pour-macbook-air-15-pro-15-retina-avec-zip-lurex-prisma\/\"><img loading=\"lazy\" decoding=\"async\" class=\"wp-image-1201 alignnone size-full\" src=\"https:\/\/www.pijama.it\/wp-content\/uploads\/2020\/02\/LUPR.jpg\" alt=\"\" width=\"40\" height=\"40\" \/><\/a> <a href=\"https:\/\/www.pijama.it\/fr\/produit\/housse-pour-macbook-air-15-pro-15-retina-avec-zip-sofa-lurex\/\"><img loading=\"lazy\" decoding=\"async\" class=\"wp-image-1208 alignnone size-full\" src=\"https:\/\/www.pijama.it\/wp-content\/uploads\/2020\/02\/SOLU.jpg\" alt=\"\" width=\"40\" height=\"40\" \/><\/a> <a href=\"https:\/\/www.pijama.it\/fr\/produit\/housse-pour-macbook-air-15-pro-15-retina-avec-zip-optical-check\/\"><img loading=\"lazy\" decoding=\"async\" class=\"wp-image-1234 alignnone size-full\" src=\"https:\/\/www.pijama.it\/wp-content\/uploads\/2021\/07\/SOOP-1.jpg\" alt=\"\" width=\"40\" height=\"40\" \/><\/a> <a href=\"https:\/\/www.pijama.it\/fr\/produit\/housse-pour-macbook-air-15-pro-15-retina-avec-zip-zigzag-black\/\"><img loading=\"lazy\" decoding=\"async\" class=\"wp-image-1241 alignnone size-full\" src=\"https:\/\/www.pijama.it\/wp-content\/uploads\/2020\/02\/ZIBK.jpg\" alt=\"\" width=\"40\" height=\"40\" \/><\/a> <a href=\"https:\/\/www.pijama.it\/fr\/produit\/housse-pour-macbook-air-15-pro-15-retina-avec-zip-tic-tac-black\/\"><img loading=\"lazy\" decoding=\"async\" class=\"wp-image-10110 alignnone size-full\" src=\"https:\/\/www.pijama.it\/wp-content\/uploads\/2020\/02\/TIBK-2.jpg\" alt=\"\" width=\"40\" height=\"40\" \/> <\/a><a href=\"https:\/\/www.pijama.it\/fr\/produit\/housse-pour-macbook-air-15-pro-15-retina-avec-zip-denim-black\/\"><img loading=\"lazy\" decoding=\"async\" class=\"wp-image-1193 alignnone size-full\" src=\"https:\/\/www.pijama.it\/wp-content\/uploads\/2019\/11\/debk_3_2.jpg\" alt=\"\" width=\"40\" height=\"40\" \/><\/a> <a href=\"https:\/\/www.pijama.it\/fr\/produit\/housse-pour-macbook-air-15-pro-15-retina-avec-zip-denim-dark-blue\/\"><img loading=\"lazy\" decoding=\"async\" class=\"wp-image-1194 alignnone size-full\" src=\"https:\/\/www.pijama.it\/wp-content\/uploads\/2019\/11\/dedb_3_2.jpg\" alt=\"\" width=\"40\" height=\"40\" \/><\/a> <a href=\"https:\/\/www.pijama.it\/fr\/produit\/housse-pour-macbook-air-15-pro-15-retina-avec-zip-dandy-herringbone\/\"><img loading=\"lazy\" decoding=\"async\" class=\"wp-image-1192 alignnone size-full\" src=\"https:\/\/www.pijama.it\/wp-content\/uploads\/2020\/02\/DAHTo.jpg\" alt=\"\" width=\"40\" height=\"40\" \/><\/a>[\/et_pb_text][\/et_pb_column][\/et_pb_row][et_pb_row column_structure=\u00a0\u00bb3_5,2_5&Prime; _builder_version=\u00a0\u00bb4.16&Prime; width=\u00a0\u00bb100%\u00a0\u00bb max_width=\u00a0\u00bb1280px\u00a0\u00bb global_colors_info=\u00a0\u00bb{}\u00a0\u00bb][et_pb_column type=\u00a0\u00bb3_5&Prime; _builder_version=\u00a0\u00bb4.16&Prime; global_colors_info=\u00a0\u00bb{}\u00a0\u00bb][et_pb_image src=\u00a0\u00bbhttps:\/\/www.pijama.it\/wp-content\/uploads\/2019\/11\/LUPR.jpg\u00a0\u00bb admin_label=\u00a0\u00bbIMMAGINE TEXTILE\u00a0\u00bb _builder_version=\u00a0\u00bb4.16&Prime; global_colors_info=\u00a0\u00bb{}\u00a0\u00bb][\/et_pb_image][\/et_pb_column][et_pb_column type=\u00a0\u00bb2_5&Prime; _builder_version=\u00a0\u00bb4.16&Prime; global_colors_info=\u00a0\u00bb{}\u00a0\u00bb]<\/p>\n<p>[et_pb_wc_additional_info _builder_version=\u00a0\u00bb4.16&Prime; global_colors_info=\u00a0\u00bb{}\u00a0\u00bb][\/et_pb_wc_additional_info][et_pb_wc_meta show_categories=\u00a0\u00bboff\u00a0\u00bb show_tags=\u00a0\u00bboff\u00a0\u00bb admin_label=\u00a0\u00bbWoo Meta\u00a0\u00bb _builder_version=\u00a0\u00bb4.16&Prime; link_option_url=\u00a0\u00bb#\u00a0\u00bb global_colors_info=\u00a0\u00bb{}\u00a0\u00bb][\/et_pb_wc_meta][et_pb_wc_description description_type=\u00a0\u00bbdescription\u00a0\u00bb admin_label=\u00a0\u00bbWoo Description\u00a0\u00bb _builder_version=\u00a0\u00bb4.16&Prime; global_colors_info=\u00a0\u00bb{}\u00a0\u00bb][\/et_pb_wc_description]<\/p>\n<p>[\/et_pb_column][\/et_pb_row][et_pb_row _builder_version=\u00a0\u00bb4.16&Prime; global_colors_info=\u00a0\u00bb{}\u00a0\u00bb][et_pb_column type=\u00a0\u00bb4_4&Prime; _builder_version=\u00a0\u00bb4.16&Prime; global_colors_info=\u00a0\u00bb{}\u00a0\u00bb][et_pb_text _builder_version=\u00a0\u00bb4.16&Prime; header_3_font=\u00a0\u00bbRubik||||||||\u00a0\u00bb header_3_text_align=\u00a0\u00bbcenter\u00a0\u00bb header_3_font_size=\u00a0\u00bb36px\u00a0\u00bb global_colors_info=\u00a0\u00bb{}\u00a0\u00bb]<\/p>\n<h3>D\u2019autres produits<\/h3>\n<p>[\/et_pb_text][\/et_pb_column][\/et_pb_row][et_pb_row _builder_version=\u00a0\u00bb4.16&Prime; background_size=\u00a0\u00bbinitial\u00a0\u00bb background_position=\u00a0\u00bbtop_left\u00a0\u00bb background_repeat=\u00a0\u00bbrepeat\u00a0\u00bb width=\u00a0\u00bb100%\u00a0\u00bb global_colors_info=\u00a0\u00bb{}\u00a0\u00bb][et_pb_column type=\u00a0\u00bb4_4&Prime; _builder_version=\u00a0\u00bb4.16&Prime; custom_padding=\u00a0\u00bb|||\u00a0\u00bb global_colors_info=\u00a0\u00bb{}\u00a0\u00bb custom_padding__hover=\u00a0\u00bb|||\u00a0\u00bb]<\/p>\n<p>[et_pb_wc_upsells _builder_version=\u00a0\u00bb4.16&Prime; global_colors_info=\u00a0\u00bb{}\u00a0\u00bb][\/et_pb_wc_upsells][et_pb_wc_related_products _builder_version=\u00a0\u00bb4.16&Prime; global_colors_info=\u00a0\u00bb{}\u00a0\u00bb][\/et_pb_wc_related_products]<\/p>\n<p>[\/et_pb_column][\/et_pb_row][\/et_pb_section]<\/p>\n","protected":false},"excerpt":{"rendered":"<p>Housse Pour MacBook Air 15&Prime; \/ Pro 15&Prime; \/ Retina avec zip<\/p>\n","protected":false},"featured_media":39854,"template":"","meta":{"_et_pb_use_builder":"on","_et_pb_old_content":"Etui de protection, tr\u00e8s confortable, compatible au MacBook Air 15, MacbookPro 15\" and laptop up to 34,93 x 24,07 x 1,55 cm. Fermeture \u00e0 glissi\u00e8re m\u00e9tallique noire YKK. A cause du processus de production et \u00e0 fin d'\u00e9viter le gaspillage, le placement du tissu peut diff\u00e9rer de l'image. La doublure en n\u00e9opr\u00e8ne 3 mm et en jersey synth\u00e9tique noir, coll\u00e9e au tissu ext\u00e9rieur, lui donne son aspect final.","_et_gb_content_width":""},"product_brand":[],"product_cat":[1344,1345],"product_tag":[1277],"class_list":{"0":"post-43842","1":"product","2":"type-product","3":"status-publish","4":"has-post-thumbnail","6":"product_cat-housses","7":"product_cat-macbook-avec-zip","8":"product_tag-lurex-prisma-fr","9":"pa_care-laver-a-la-main","10":"pa_dimensioni-per-computer-fino-a-3493-x-2407-x-155-cm-fr","11":"pa_made-in-italy-fr","12":"pa_materiale-lurex-jacquard-neoprene-fr","13":"pa_misura-macbook-air-15-pro-15-retina-fr","14":"pa_textile-lurex-prisma-fr","16":"first","17":"instock","18":"shipping-taxable","19":"purchasable","20":"product-type-simple"},"yoast_head":"<!-- This site is optimized with the Yoast SEO plugin v23.0 - https:\/\/yoast.com\/wordpress\/plugins\/seo\/ -->\n<title>Housse Pour MacBook Air 15&quot; \/ Pro 15&quot; \/ Retina avec zip Lurex Prisma - Pijama<\/title>\n<meta name=\"description\" content=\"Housse Pour MacBook Air 15&quot; \/ Pro 15&quot; \/ Retina avec zip Lurex Prisma - Pijama - Housse Pour MacBook Air 15&quot; \/ Pro 15&quot; \/ Retina avec zip\" \/>\n<meta name=\"robots\" content=\"index, follow, max-snippet:-1, max-image-preview:large, max-video-preview:-1\" \/>\n<link rel=\"canonical\" href=\"https:\/\/www.pijama.it\/produit\/custodia-per-macbook-pro-15-retina-con-zip-lurex-prisma\/\" \/>\n<meta property=\"og:locale\" content=\"fr_FR\" \/>\n<meta property=\"og:type\" content=\"article\" \/>\n<meta property=\"og:title\" content=\"Housse Pour MacBook Air 15&quot; \/ Pro 15&quot; \/ Retina avec zip Lurex Prisma - Pijama\" \/>\n<meta property=\"og:description\" content=\"Housse Pour MacBook Air 15&quot; \/ Pro 15&quot; \/ Retina avec zip Lurex Prisma - Pijama - Housse Pour MacBook Air 15&quot; \/ Pro 15&quot; \/ Retina avec zip\" \/>\n<meta property=\"og:url\" content=\"https:\/\/www.pijama.it\/produit\/custodia-per-macbook-pro-15-retina-con-zip-lurex-prisma\/\" \/>\n<meta property=\"og:site_name\" content=\"Pijama\" \/>\n<meta property=\"article:publisher\" content=\"https:\/\/www.facebook.com\/pijama.softcases\" \/>\n<meta property=\"article:modified_time\" content=\"2025-04-24T21:37:05+00:00\" \/>\n<meta property=\"og:image\" content=\"https:\/\/www.pijama.it\/wp-content\/uploads\/2019\/11\/Z15LUPR.jpg\" \/>\n\t<meta property=\"og:image:width\" content=\"900\" \/>\n\t<meta property=\"og:image:height\" content=\"600\" \/>\n\t<meta property=\"og:image:type\" content=\"image\/jpeg\" \/>\n<meta name=\"twitter:card\" content=\"summary_large_image\" \/>\n<meta name=\"twitter:label1\" content=\"Dur\u00e9e de lecture estim\u00e9e\" \/>\n\t<meta name=\"twitter:data1\" content=\"4 minutes\" \/>\n<script type=\"application\/ld+json\" class=\"yoast-schema-graph\">{\"@context\":\"https:\/\/schema.org\",\"@graph\":[{\"@type\":\"WebPage\",\"@id\":\"https:\/\/www.pijama.it\/produit\/custodia-per-macbook-pro-15-retina-con-zip-lurex-prisma\/\",\"url\":\"https:\/\/www.pijama.it\/produit\/custodia-per-macbook-pro-15-retina-con-zip-lurex-prisma\/\",\"name\":\"Housse Pour MacBook Air 15\\\" \/ Pro 15\\\" \/ Retina avec zip Lurex Prisma - Pijama\",\"isPartOf\":{\"@id\":\"https:\/\/www.pijama.it\/#website\"},\"primaryImageOfPage\":{\"@id\":\"https:\/\/www.pijama.it\/produit\/custodia-per-macbook-pro-15-retina-con-zip-lurex-prisma\/#primaryimage\"},\"image\":{\"@id\":\"https:\/\/www.pijama.it\/produit\/custodia-per-macbook-pro-15-retina-con-zip-lurex-prisma\/#primaryimage\"},\"thumbnailUrl\":\"https:\/\/www.pijama.it\/wp-content\/uploads\/2019\/11\/Z15LUPR.jpg\",\"datePublished\":\"2019-11-16T13:55:03+00:00\",\"dateModified\":\"2025-04-24T21:37:05+00:00\",\"description\":\"Housse Pour MacBook Air 15\\\" \/ Pro 15\\\" \/ Retina avec zip Lurex Prisma - Pijama - Housse Pour MacBook Air 15\\\" \/ Pro 15\\\" \/ Retina avec zip\",\"breadcrumb\":{\"@id\":\"https:\/\/www.pijama.it\/produit\/custodia-per-macbook-pro-15-retina-con-zip-lurex-prisma\/#breadcrumb\"},\"inLanguage\":\"fr-FR\",\"potentialAction\":[{\"@type\":\"ReadAction\",\"target\":[\"https:\/\/www.pijama.it\/produit\/custodia-per-macbook-pro-15-retina-con-zip-lurex-prisma\/\"]}]},{\"@type\":\"ImageObject\",\"inLanguage\":\"fr-FR\",\"@id\":\"https:\/\/www.pijama.it\/produit\/custodia-per-macbook-pro-15-retina-con-zip-lurex-prisma\/#primaryimage\",\"url\":\"https:\/\/www.pijama.it\/wp-content\/uploads\/2019\/11\/Z15LUPR.jpg\",\"contentUrl\":\"https:\/\/www.pijama.it\/wp-content\/uploads\/2019\/11\/Z15LUPR.jpg\",\"width\":900,\"height\":600},{\"@type\":\"BreadcrumbList\",\"@id\":\"https:\/\/www.pijama.it\/produit\/custodia-per-macbook-pro-15-retina-con-zip-lurex-prisma\/#breadcrumb\",\"itemListElement\":[{\"@type\":\"ListItem\",\"position\":1,\"name\":\"Home\",\"item\":\"https:\/\/www.pijama.it\/fr\/\"},{\"@type\":\"ListItem\",\"position\":2,\"name\":\"Shop\",\"item\":\"https:\/\/www.pijama.it\/fr\/shop\/\"},{\"@type\":\"ListItem\",\"position\":3,\"name\":\"Housse Pour MacBook Air 15&#8243; \/ Pro 15&#8243; \/ Retina avec zip Lurex Prisma\"}]},{\"@type\":\"WebSite\",\"@id\":\"https:\/\/www.pijama.it\/#website\",\"url\":\"https:\/\/www.pijama.it\/\",\"name\":\"Pijama - Custodie e zaini in tessuto e neoprene\",\"description\":\"Pijama\",\"publisher\":{\"@id\":\"https:\/\/www.pijama.it\/#organization\"},\"alternateName\":\"Custodie e zaini in tessuto e neoprene\",\"potentialAction\":[{\"@type\":\"SearchAction\",\"target\":{\"@type\":\"EntryPoint\",\"urlTemplate\":\"https:\/\/www.pijama.it\/?s={search_term_string}\"},\"query-input\":\"required name=search_term_string\"}],\"inLanguage\":\"fr-FR\"},{\"@type\":\"Organization\",\"@id\":\"https:\/\/www.pijama.it\/#organization\",\"name\":\"Pijama\",\"alternateName\":\"Custodie e zaini in tessuto e neoprene\",\"url\":\"https:\/\/www.pijama.it\/\",\"logo\":{\"@type\":\"ImageObject\",\"inLanguage\":\"fr-FR\",\"@id\":\"https:\/\/www.pijama.it\/#\/schema\/logo\/image\/\",\"url\":\"https:\/\/www.pijama.it\/wp-content\/uploads\/2019\/11\/logo_payoff-1.png\",\"contentUrl\":\"https:\/\/www.pijama.it\/wp-content\/uploads\/2019\/11\/logo_payoff-1.png\",\"width\":160,\"height\":54,\"caption\":\"Pijama\"},\"image\":{\"@id\":\"https:\/\/www.pijama.it\/#\/schema\/logo\/image\/\"},\"sameAs\":[\"https:\/\/www.facebook.com\/pijama.softcases\",\"https:\/\/www.instagram.com\/pijamagram\/\",\"https:\/\/www.pinterest.it\/pijamamilano\/\"]}]}<\/script>\n<!-- \/ Yoast SEO plugin. -->","yoast_head_json":{"title":"Housse Pour MacBook Air 15\" \/ Pro 15\" \/ Retina avec zip Lurex Prisma - Pijama","description":"Housse Pour MacBook Air 15\" \/ Pro 15\" \/ Retina avec zip Lurex Prisma - Pijama - Housse Pour MacBook Air 15\" \/ Pro 15\" \/ Retina avec zip","robots":{"index":"index","follow":"follow","max-snippet":"max-snippet:-1","max-image-preview":"max-image-preview:large","max-video-preview":"max-video-preview:-1"},"canonical":"https:\/\/www.pijama.it\/produit\/custodia-per-macbook-pro-15-retina-con-zip-lurex-prisma\/","og_locale":"fr_FR","og_type":"article","og_title":"Housse Pour MacBook Air 15\" \/ Pro 15\" \/ Retina avec zip Lurex Prisma - Pijama","og_description":"Housse Pour MacBook Air 15\" \/ Pro 15\" \/ Retina avec zip Lurex Prisma - Pijama - Housse Pour MacBook Air 15\" \/ Pro 15\" \/ Retina avec zip","og_url":"https:\/\/www.pijama.it\/produit\/custodia-per-macbook-pro-15-retina-con-zip-lurex-prisma\/","og_site_name":"Pijama","article_publisher":"https:\/\/www.facebook.com\/pijama.softcases","article_modified_time":"2025-04-24T21:37:05+00:00","og_image":[{"width":900,"height":600,"url":"https:\/\/www.pijama.it\/wp-content\/uploads\/2019\/11\/Z15LUPR.jpg","type":"image\/jpeg"}],"twitter_card":"summary_large_image","twitter_misc":{"Dur\u00e9e de lecture estim\u00e9e":"4 minutes"},"schema":{"@context":"https:\/\/schema.org","@graph":[{"@type":"WebPage","@id":"https:\/\/www.pijama.it\/produit\/custodia-per-macbook-pro-15-retina-con-zip-lurex-prisma\/","url":"https:\/\/www.pijama.it\/produit\/custodia-per-macbook-pro-15-retina-con-zip-lurex-prisma\/","name":"Housse Pour MacBook Air 15\" \/ Pro 15\" \/ Retina avec zip Lurex Prisma - Pijama","isPartOf":{"@id":"https:\/\/www.pijama.it\/#website"},"primaryImageOfPage":{"@id":"https:\/\/www.pijama.it\/produit\/custodia-per-macbook-pro-15-retina-con-zip-lurex-prisma\/#primaryimage"},"image":{"@id":"https:\/\/www.pijama.it\/produit\/custodia-per-macbook-pro-15-retina-con-zip-lurex-prisma\/#primaryimage"},"thumbnailUrl":"https:\/\/www.pijama.it\/wp-content\/uploads\/2019\/11\/Z15LUPR.jpg","datePublished":"2019-11-16T13:55:03+00:00","dateModified":"2025-04-24T21:37:05+00:00","description":"Housse Pour MacBook Air 15\" \/ Pro 15\" \/ Retina avec zip Lurex Prisma - Pijama - Housse Pour MacBook Air 15\" \/ Pro 15\" \/ Retina avec zip","breadcrumb":{"@id":"https:\/\/www.pijama.it\/produit\/custodia-per-macbook-pro-15-retina-con-zip-lurex-prisma\/#breadcrumb"},"inLanguage":"fr-FR","potentialAction":[{"@type":"ReadAction","target":["https:\/\/www.pijama.it\/produit\/custodia-per-macbook-pro-15-retina-con-zip-lurex-prisma\/"]}]},{"@type":"ImageObject","inLanguage":"fr-FR","@id":"https:\/\/www.pijama.it\/produit\/custodia-per-macbook-pro-15-retina-con-zip-lurex-prisma\/#primaryimage","url":"https:\/\/www.pijama.it\/wp-content\/uploads\/2019\/11\/Z15LUPR.jpg","contentUrl":"https:\/\/www.pijama.it\/wp-content\/uploads\/2019\/11\/Z15LUPR.jpg","width":900,"height":600},{"@type":"BreadcrumbList","@id":"https:\/\/www.pijama.it\/produit\/custodia-per-macbook-pro-15-retina-con-zip-lurex-prisma\/#breadcrumb","itemListElement":[{"@type":"ListItem","position":1,"name":"Home","item":"https:\/\/www.pijama.it\/fr\/"},{"@type":"ListItem","position":2,"name":"Shop","item":"https:\/\/www.pijama.it\/fr\/shop\/"},{"@type":"ListItem","position":3,"name":"Housse Pour MacBook Air 15&#8243; \/ Pro 15&#8243; \/ Retina avec zip Lurex Prisma"}]},{"@type":"WebSite","@id":"https:\/\/www.pijama.it\/#website","url":"https:\/\/www.pijama.it\/","name":"Pijama - Custodie e zaini in tessuto e neoprene","description":"Pijama","publisher":{"@id":"https:\/\/www.pijama.it\/#organization"},"alternateName":"Custodie e zaini in tessuto e neoprene","potentialAction":[{"@type":"SearchAction","target":{"@type":"EntryPoint","urlTemplate":"https:\/\/www.pijama.it\/?s={search_term_string}"},"query-input":"required name=search_term_string"}],"inLanguage":"fr-FR"},{"@type":"Organization","@id":"https:\/\/www.pijama.it\/#organization","name":"Pijama","alternateName":"Custodie e zaini in tessuto e neoprene","url":"https:\/\/www.pijama.it\/","logo":{"@type":"ImageObject","inLanguage":"fr-FR","@id":"https:\/\/www.pijama.it\/#\/schema\/logo\/image\/","url":"https:\/\/www.pijama.it\/wp-content\/uploads\/2019\/11\/logo_payoff-1.png","contentUrl":"https:\/\/www.pijama.it\/wp-content\/uploads\/2019\/11\/logo_payoff-1.png","width":160,"height":54,"caption":"Pijama"},"image":{"@id":"https:\/\/www.pijama.it\/#\/schema\/logo\/image\/"},"sameAs":["https:\/\/www.facebook.com\/pijama.softcases","https:\/\/www.instagram.com\/pijamagram\/","https:\/\/www.pinterest.it\/pijamamilano\/"]}]}},"_links":{"self":[{"href":"https:\/\/www.pijama.it\/fr\/wp-json\/wp\/v2\/product\/43842","targetHints":{"allow":["GET"]}}],"collection":[{"href":"https:\/\/www.pijama.it\/fr\/wp-json\/wp\/v2\/product"}],"about":[{"href":"https:\/\/www.pijama.it\/fr\/wp-json\/wp\/v2\/types\/product"}],"wp:featuredmedia":[{"embeddable":true,"href":"https:\/\/www.pijama.it\/fr\/wp-json\/wp\/v2\/media\/39854"}],"wp:attachment":[{"href":"https:\/\/www.pijama.it\/fr\/wp-json\/wp\/v2\/media?parent=43842"}],"wp:term":[{"taxonomy":"product_brand","embeddable":true,"href":"https:\/\/www.pijama.it\/fr\/wp-json\/wp\/v2\/product_brand?post=43842"},{"taxonomy":"product_cat","embeddable":true,"href":"https:\/\/www.pijama.it\/fr\/wp-json\/wp\/v2\/product_cat?post=43842"},{"taxonomy":"product_tag","embeddable":true,"href":"https:\/\/www.pijama.it\/fr\/wp-json\/wp\/v2\/product_tag?post=43842"}],"curies":[{"name":"wp","href":"https:\/\/api.w.org\/{rel}","templated":true}]}}