{"id":43436,"date":"2023-07-20T16:31:42","date_gmt":"2023-07-20T14:31:42","guid":{"rendered":"https:\/\/www.pijama.it\/collections\/happy-check\/"},"modified":"2024-03-14T16:01:53","modified_gmt":"2024-03-14T15:01:53","slug":"happy-check","status":"publish","type":"page","link":"https:\/\/www.pijama.it\/fr\/collections\/happy-check\/","title":{"rendered":"HAPPY CHECK"},"content":{"rendered":"<p>[et_pb_section fb_built=\u00a0\u00bb1&Prime; fullwidth=\u00a0\u00bbon\u00a0\u00bb _builder_version=\u00a0\u00bb4.16&Prime; global_colors_info=\u00a0\u00bb{}\u00a0\u00bb][et_pb_fullwidth_header _builder_version=\u00a0\u00bb4.16&Prime; background_image=\u00a0\u00bbhttps:\/\/www.pijama.it\/wp-content\/uploads\/2019\/11\/pijama_collection_happy-check.jpg\u00a0\u00bb height=\u00a0\u00bb400px\u00a0\u00bb global_colors_info=\u00a0\u00bb{}\u00a0\u00bb][\/et_pb_fullwidth_header][\/et_pb_section][et_pb_section fb_built=\u00a0\u00bb1&Prime; _builder_version=\u00a0\u00bb4.16&Prime; background_color=\u00a0\u00bbrgba(0,0,0,0)\u00a0\u00bb global_colors_info=\u00a0\u00bb{}\u00a0\u00bb][et_pb_row _builder_version=\u00a0\u00bb4.22.1&Prime; max_width=\u00a0\u00bb1280px\u00a0\u00bb custom_padding=\u00a0\u00bb||20px|||\u00a0\u00bb hover_enabled=\u00a0\u00bb0&Prime; global_colors_info=\u00a0\u00bb{}\u00a0\u00bb sticky_enabled=\u00a0\u00bb0&Prime;][et_pb_column type=\u00a0\u00bb4_4&Prime; _builder_version=\u00a0\u00bb4.16&Prime; global_colors_info=\u00a0\u00bb{}\u00a0\u00bb][et_pb_text _builder_version=\u00a0\u00bb4.22.1&Prime; header_font=\u00a0\u00bbRubik||||||||\u00a0\u00bb header_text_color=\u00a0\u00bb#000000&Prime; header_font_size=\u00a0\u00bb50px\u00a0\u00bb custom_margin=\u00a0\u00bb||1.3%||false|false\u00a0\u00bb hover_enabled=\u00a0\u00bb0&Prime; global_colors_info=\u00a0\u00bb{}\u00a0\u00bb sticky_enabled=\u00a0\u00bb0&Prime;]<\/p>\n<h1>HAPPY CHECK<\/h1>\n<p>LAINE &amp; N\u00c9OPR\u00c8NE | AW18\/19<br \/>Imaginez un clan \u00e9cossais s&rsquo;installer en Californie dans les ann\u00e9es 1960, redessinant le tissu tartan &#8211; ce serait le r\u00e9sultat.<br \/>Le tissu est un m\u00e9lange de laine, pas trop \u00e9pais, id\u00e9al pour toutes les saisons. Son nom parle de lui-m\u00eame.<\/p>\n<p><strong>LA COLLECTION EST OUT OF STOCK.<\/strong><\/p>\n<p>[\/et_pb_text][\/et_pb_column][\/et_pb_row][\/et_pb_section]<\/p>\n","protected":false},"excerpt":{"rendered":"<p>HAPPY CHECK LAINE &amp; N\u00c9OPR\u00c8NE | AW18\/19Imaginez un clan \u00e9cossais s&rsquo;installer en Californie dans les ann\u00e9es 1960, redessinant le tissu tartan &#8211; ce serait le r\u00e9sultat.Le tissu est un m\u00e9lange de laine, pas trop \u00e9pais, id\u00e9al pour toutes les saisons. Son nom parle de lui-m\u00eame. LA COLLECTION EST OUT OF STOCK.<\/p>\n","protected":false},"author":1,"featured_media":0,"parent":43364,"menu_order":0,"comment_status":"closed","ping_status":"closed","template":"","meta":{"_et_pb_use_builder":"on","_et_pb_old_content":"","_et_gb_content_width":"","footnotes":""},"class_list":["post-43436","page","type-page","status-publish","hentry"],"yoast_head":"<!-- This site is optimized with the Yoast SEO plugin v23.0 - https:\/\/yoast.com\/wordpress\/plugins\/seo\/ -->\n<title>HAPPY CHECK - Pijama<\/title>\n<meta name=\"description\" content=\"HAPPY CHECK - Pijama - D\u00e9couvrez tous les produits de HAPPY CHECK\" \/>\n<meta name=\"robots\" content=\"index, follow, max-snippet:-1, max-image-preview:large, max-video-preview:-1\" \/>\n<link rel=\"canonical\" href=\"https:\/\/www.pijama.it\/fr\/collections\/happy-check\/\" \/>\n<meta property=\"og:locale\" content=\"fr_FR\" \/>\n<meta property=\"og:type\" content=\"article\" \/>\n<meta property=\"og:title\" content=\"HAPPY CHECK - Pijama\" \/>\n<meta property=\"og:description\" content=\"HAPPY CHECK - Pijama - D\u00e9couvrez tous les produits de HAPPY CHECK\" \/>\n<meta property=\"og:url\" content=\"https:\/\/www.pijama.it\/fr\/collections\/happy-check\/\" \/>\n<meta property=\"og:site_name\" content=\"Pijama\" \/>\n<meta property=\"article:publisher\" content=\"https:\/\/www.facebook.com\/pijama.softcases\" \/>\n<meta property=\"article:modified_time\" content=\"2024-03-14T15:01:53+00:00\" \/>\n<meta name=\"twitter:card\" content=\"summary_large_image\" \/>\n<meta name=\"twitter:label1\" content=\"Dur\u00e9e de lecture estim\u00e9e\" \/>\n\t<meta name=\"twitter:data1\" content=\"1 minute\" \/>\n<script type=\"application\/ld+json\" class=\"yoast-schema-graph\">{\"@context\":\"https:\/\/schema.org\",\"@graph\":[{\"@type\":\"WebPage\",\"@id\":\"https:\/\/www.pijama.it\/fr\/collections\/happy-check\/\",\"url\":\"https:\/\/www.pijama.it\/fr\/collections\/happy-check\/\",\"name\":\"HAPPY CHECK - Pijama\",\"isPartOf\":{\"@id\":\"https:\/\/www.pijama.it\/#website\"},\"datePublished\":\"2023-07-20T14:31:42+00:00\",\"dateModified\":\"2024-03-14T15:01:53+00:00\",\"description\":\"HAPPY CHECK - Pijama - D\u00e9couvrez tous les produits de HAPPY CHECK\",\"breadcrumb\":{\"@id\":\"https:\/\/www.pijama.it\/fr\/collections\/happy-check\/#breadcrumb\"},\"inLanguage\":\"fr-FR\",\"potentialAction\":[{\"@type\":\"ReadAction\",\"target\":[\"https:\/\/www.pijama.it\/fr\/collections\/happy-check\/\"]}]},{\"@type\":\"BreadcrumbList\",\"@id\":\"https:\/\/www.pijama.it\/fr\/collections\/happy-check\/#breadcrumb\",\"itemListElement\":[{\"@type\":\"ListItem\",\"position\":1,\"name\":\"Home\",\"item\":\"https:\/\/www.pijama.it\/fr\/\"},{\"@type\":\"ListItem\",\"position\":2,\"name\":\"COLLECTIONS\",\"item\":\"https:\/\/www.pijama.it\/fr\/collections\/\"},{\"@type\":\"ListItem\",\"position\":3,\"name\":\"HAPPY CHECK\"}]},{\"@type\":\"WebSite\",\"@id\":\"https:\/\/www.pijama.it\/#website\",\"url\":\"https:\/\/www.pijama.it\/\",\"name\":\"Pijama - Custodie e zaini in tessuto e neoprene\",\"description\":\"Pijama\",\"publisher\":{\"@id\":\"https:\/\/www.pijama.it\/#organization\"},\"alternateName\":\"Custodie e zaini in tessuto e neoprene\",\"potentialAction\":[{\"@type\":\"SearchAction\",\"target\":{\"@type\":\"EntryPoint\",\"urlTemplate\":\"https:\/\/www.pijama.it\/?s={search_term_string}\"},\"query-input\":\"required name=search_term_string\"}],\"inLanguage\":\"fr-FR\"},{\"@type\":\"Organization\",\"@id\":\"https:\/\/www.pijama.it\/#organization\",\"name\":\"Pijama\",\"alternateName\":\"Custodie e zaini in tessuto e neoprene\",\"url\":\"https:\/\/www.pijama.it\/\",\"logo\":{\"@type\":\"ImageObject\",\"inLanguage\":\"fr-FR\",\"@id\":\"https:\/\/www.pijama.it\/#\/schema\/logo\/image\/\",\"url\":\"https:\/\/www.pijama.it\/wp-content\/uploads\/2019\/11\/logo_payoff-1.png\",\"contentUrl\":\"https:\/\/www.pijama.it\/wp-content\/uploads\/2019\/11\/logo_payoff-1.png\",\"width\":160,\"height\":54,\"caption\":\"Pijama\"},\"image\":{\"@id\":\"https:\/\/www.pijama.it\/#\/schema\/logo\/image\/\"},\"sameAs\":[\"https:\/\/www.facebook.com\/pijama.softcases\",\"https:\/\/www.instagram.com\/pijamagram\/\",\"https:\/\/www.pinterest.it\/pijamamilano\/\"]}]}<\/script>\n<!-- \/ Yoast SEO plugin. -->","yoast_head_json":{"title":"HAPPY CHECK - Pijama","description":"HAPPY CHECK - Pijama - D\u00e9couvrez tous les produits de HAPPY CHECK","robots":{"index":"index","follow":"follow","max-snippet":"max-snippet:-1","max-image-preview":"max-image-preview:large","max-video-preview":"max-video-preview:-1"},"canonical":"https:\/\/www.pijama.it\/fr\/collections\/happy-check\/","og_locale":"fr_FR","og_type":"article","og_title":"HAPPY CHECK - Pijama","og_description":"HAPPY CHECK - Pijama - D\u00e9couvrez tous les produits de HAPPY CHECK","og_url":"https:\/\/www.pijama.it\/fr\/collections\/happy-check\/","og_site_name":"Pijama","article_publisher":"https:\/\/www.facebook.com\/pijama.softcases","article_modified_time":"2024-03-14T15:01:53+00:00","twitter_card":"summary_large_image","twitter_misc":{"Dur\u00e9e de lecture estim\u00e9e":"1 minute"},"schema":{"@context":"https:\/\/schema.org","@graph":[{"@type":"WebPage","@id":"https:\/\/www.pijama.it\/fr\/collections\/happy-check\/","url":"https:\/\/www.pijama.it\/fr\/collections\/happy-check\/","name":"HAPPY CHECK - Pijama","isPartOf":{"@id":"https:\/\/www.pijama.it\/#website"},"datePublished":"2023-07-20T14:31:42+00:00","dateModified":"2024-03-14T15:01:53+00:00","description":"HAPPY CHECK - Pijama - D\u00e9couvrez tous les produits de HAPPY CHECK","breadcrumb":{"@id":"https:\/\/www.pijama.it\/fr\/collections\/happy-check\/#breadcrumb"},"inLanguage":"fr-FR","potentialAction":[{"@type":"ReadAction","target":["https:\/\/www.pijama.it\/fr\/collections\/happy-check\/"]}]},{"@type":"BreadcrumbList","@id":"https:\/\/www.pijama.it\/fr\/collections\/happy-check\/#breadcrumb","itemListElement":[{"@type":"ListItem","position":1,"name":"Home","item":"https:\/\/www.pijama.it\/fr\/"},{"@type":"ListItem","position":2,"name":"COLLECTIONS","item":"https:\/\/www.pijama.it\/fr\/collections\/"},{"@type":"ListItem","position":3,"name":"HAPPY CHECK"}]},{"@type":"WebSite","@id":"https:\/\/www.pijama.it\/#website","url":"https:\/\/www.pijama.it\/","name":"Pijama - Custodie e zaini in tessuto e neoprene","description":"Pijama","publisher":{"@id":"https:\/\/www.pijama.it\/#organization"},"alternateName":"Custodie e zaini in tessuto e neoprene","potentialAction":[{"@type":"SearchAction","target":{"@type":"EntryPoint","urlTemplate":"https:\/\/www.pijama.it\/?s={search_term_string}"},"query-input":"required name=search_term_string"}],"inLanguage":"fr-FR"},{"@type":"Organization","@id":"https:\/\/www.pijama.it\/#organization","name":"Pijama","alternateName":"Custodie e zaini in tessuto e neoprene","url":"https:\/\/www.pijama.it\/","logo":{"@type":"ImageObject","inLanguage":"fr-FR","@id":"https:\/\/www.pijama.it\/#\/schema\/logo\/image\/","url":"https:\/\/www.pijama.it\/wp-content\/uploads\/2019\/11\/logo_payoff-1.png","contentUrl":"https:\/\/www.pijama.it\/wp-content\/uploads\/2019\/11\/logo_payoff-1.png","width":160,"height":54,"caption":"Pijama"},"image":{"@id":"https:\/\/www.pijama.it\/#\/schema\/logo\/image\/"},"sameAs":["https:\/\/www.facebook.com\/pijama.softcases","https:\/\/www.instagram.com\/pijamagram\/","https:\/\/www.pinterest.it\/pijamamilano\/"]}]}},"_links":{"self":[{"href":"https:\/\/www.pijama.it\/fr\/wp-json\/wp\/v2\/pages\/43436","targetHints":{"allow":["GET"]}}],"collection":[{"href":"https:\/\/www.pijama.it\/fr\/wp-json\/wp\/v2\/pages"}],"about":[{"href":"https:\/\/www.pijama.it\/fr\/wp-json\/wp\/v2\/types\/page"}],"author":[{"embeddable":true,"href":"https:\/\/www.pijama.it\/fr\/wp-json\/wp\/v2\/users\/1"}],"replies":[{"embeddable":true,"href":"https:\/\/www.pijama.it\/fr\/wp-json\/wp\/v2\/comments?post=43436"}],"version-history":[{"count":1,"href":"https:\/\/www.pijama.it\/fr\/wp-json\/wp\/v2\/pages\/43436\/revisions"}],"predecessor-version":[{"id":47923,"href":"https:\/\/www.pijama.it\/fr\/wp-json\/wp\/v2\/pages\/43436\/revisions\/47923"}],"up":[{"embeddable":true,"href":"https:\/\/www.pijama.it\/fr\/wp-json\/wp\/v2\/pages\/43364"}],"wp:attachment":[{"href":"https:\/\/www.pijama.it\/fr\/wp-json\/wp\/v2\/media?parent=43436"}],"curies":[{"name":"wp","href":"https:\/\/api.w.org\/{rel}","templated":true}]}}