{"id":43430,"date":"2023-07-20T16:30:38","date_gmt":"2023-07-20T14:30:38","guid":{"rendered":"https:\/\/www.pijama.it\/collections\/fluo\/"},"modified":"2024-03-13T17:32:24","modified_gmt":"2024-03-13T16:32:24","slug":"fluo","status":"publish","type":"page","link":"https:\/\/www.pijama.it\/fr\/collections\/fluo\/","title":{"rendered":"FLUO"},"content":{"rendered":"<p>[et_pb_section fb_built=\u00a0\u00bb1&Prime; fullwidth=\u00a0\u00bbon\u00a0\u00bb _builder_version=\u00a0\u00bb4.16&Prime; global_colors_info=\u00a0\u00bb{}\u00a0\u00bb][et_pb_fullwidth_header _builder_version=\u00a0\u00bb4.16&Prime; background_image=\u00a0\u00bbhttps:\/\/www.pijama.it\/wp-content\/uploads\/2019\/11\/pijama_collection_fluo_1.gif\u00a0\u00bb height=\u00a0\u00bb400px\u00a0\u00bb global_colors_info=\u00a0\u00bb{}\u00a0\u00bb][\/et_pb_fullwidth_header][\/et_pb_section][et_pb_section fb_built=\u00a0\u00bb1&Prime; _builder_version=\u00a0\u00bb4.16&Prime; background_color=\u00a0\u00bbrgba(0,0,0,0)\u00a0\u00bb global_colors_info=\u00a0\u00bb{}\u00a0\u00bb][et_pb_row _builder_version=\u00a0\u00bb4.22.1&Prime; max_width=\u00a0\u00bb1280px\u00a0\u00bb hover_enabled=\u00a0\u00bb0&Prime; global_colors_info=\u00a0\u00bb{}\u00a0\u00bb sticky_enabled=\u00a0\u00bb0&Prime;][et_pb_column type=\u00a0\u00bb4_4&Prime; _builder_version=\u00a0\u00bb4.16&Prime; global_colors_info=\u00a0\u00bb{}\u00a0\u00bb][et_pb_text _builder_version=\u00a0\u00bb4.22.1&Prime; header_font=\u00a0\u00bbRubik||||||||\u00a0\u00bb header_text_color=\u00a0\u00bb#000000&Prime; header_font_size=\u00a0\u00bb50px\u00a0\u00bb custom_margin=\u00a0\u00bb||||false|false\u00a0\u00bb hover_enabled=\u00a0\u00bb0&Prime; global_colors_info=\u00a0\u00bb{}\u00a0\u00bb sticky_enabled=\u00a0\u00bb0&Prime;]<\/p>\n<h1>FLUO<\/h1>\n<p>POLYESTER &amp; N\u00c9OPR\u00c8NE | AW19\/20<br \/>\nNotre excursus sur les tissus techniques ne pouvait manquer de s&rsquo;arr\u00eater ici, sur un satin 100% polyester jaune fluo. La couleur unie monobloc met en valeur les lignes essentielles de nos produits, soulign\u00e9es encore plus par le contraste des bordures et des finitions noires.[\/et_pb_text][\/et_pb_column][\/et_pb_row][et_pb_row _builder_version=\u00a0\u00bb4.22.1&Prime; width=\u00a0\u00bb100%\u00a0\u00bb max_width=\u00a0\u00bb1280px\u00a0\u00bb custom_margin=\u00a0\u00bb0px||||false|false\u00a0\u00bb custom_padding=\u00a0\u00bb14px|||||\u00a0\u00bb hover_enabled=\u00a0\u00bb0&Prime; global_colors_info=\u00a0\u00bb{}\u00a0\u00bb sticky_enabled=\u00a0\u00bb0&Prime;][et_pb_column type=\u00a0\u00bb4_4&Prime; _builder_version=\u00a0\u00bb4.16&Prime; global_colors_info=\u00a0\u00bb{}\u00a0\u00bb][et_pb_text _builder_version=\u00a0\u00bb4.16&Prime; header_font=\u00a0\u00bbRubik||||||||\u00a0\u00bb header_text_color=\u00a0\u00bb#000000&Prime; header_font_size=\u00a0\u00bb50px\u00a0\u00bb custom_margin=\u00a0\u00bb||10%||false|false\u00a0\u00bb global_colors_info=\u00a0\u00bb{}\u00a0\u00bb]<div class=\"woocommerce columns-3 \"><ul class=\"products columns-3\">\n<li class=\"product type-product post-42902 status-publish first instock product_cat-cache-pots product_cat-cache-pots-taille-m product_cat-maison product_cat-promo-fr product_tag-fluo-fr has-post-thumbnail sale shipping-taxable purchasable product-type-simple\">\n\t<a href=\"https:\/\/www.pijama.it\/fr\/produit\/cache-pots-taille-m-fluo\/\" class=\"woocommerce-LoopProduct-link woocommerce-loop-product__link\">\n\t<span class=\"onsale\">Promo\u00a0!<\/span>\n\t<span class=\"et_shop_image\"><img loading=\"lazy\" decoding=\"async\" width=\"800\" height=\"533\" src=\"https:\/\/www.pijama.it\/wp-content\/uploads\/2019\/12\/CAMFLUO-cachepot-800x533.jpg\" class=\"attachment-woocommerce_thumbnail size-woocommerce_thumbnail\" alt=\"Cache-Pots Taille M FluoCache-Pots Taille M Fluo\" srcset=\"https:\/\/www.pijama.it\/wp-content\/uploads\/2019\/12\/CAMFLUO-cachepot-800x533.jpg 800w, https:\/\/www.pijama.it\/wp-content\/uploads\/2019\/12\/CAMFLUO-cachepot-480x320.jpg 480w\" sizes=\"(min-width: 0px) and (max-width: 480px) 480px, (min-width: 481px) 800px, 100vw\" title=\"Cache-Pots Taille M Fluo\" \/><span class=\"et_overlay\"><\/span><\/span><h2 class=\"woocommerce-loop-product__title\">Cache-Pots Taille M Fluo<\/h2>\n\t<span class=\"price\"><del aria-hidden=\"true\"><span class=\"woocommerce-Price-amount amount\"><bdi><span class=\"woocommerce-Price-currencySymbol\">&euro;<\/span>31.00<\/bdi><\/span><\/del> <span class=\"screen-reader-text\">Le prix initial \u00e9tait\u00a0: &euro;31.00.<\/span><ins aria-hidden=\"true\"><span class=\"woocommerce-Price-amount amount\"><bdi><span class=\"woocommerce-Price-currencySymbol\">&euro;<\/span>16.80<\/bdi><\/span><\/ins><span class=\"screen-reader-text\">Le prix actuel est\u00a0: &euro;16.80.<\/span><\/span>\n        <div itemprop=\"description\">\n            <p>Cache-Pots Taille M<\/p>\n        <\/div>\n\t<span class='attribut_header1'>Fluo<\/span><\/a><a href=\"?add-to-cart=42902\" aria-describedby=\"woocommerce_loop_add_to_cart_link_describedby_42902\" data-quantity=\"1\" class=\"button product_type_simple add_to_cart_button ajax_add_to_cart\" data-product_id=\"42902\" data-product_sku=\"CAMFLUO\" aria-label=\"Ajouter au panier\u00a0: &ldquo;Cache-Pots Taille M Fluo&rdquo;\" rel=\"nofollow\" data-success_message=\"\u00ab\u00a0Cache-Pots Taille M Fluo\u00a0\u00bb a \u00e9t\u00e9 ajout\u00e9 \u00e0 votre panier\">Ajouter au panier<\/a>\t<span id=\"woocommerce_loop_add_to_cart_link_describedby_42902\" class=\"screen-reader-text\">\n\t\t\t<\/span>\n<\/li>\n<\/ul>\n<\/div>[\/et_pb_text][\/et_pb_column][\/et_pb_row][\/et_pb_section]<\/p>\n","protected":false},"excerpt":{"rendered":"<p>FLUO POLYESTER &amp; N\u00c9OPR\u00c8NE | AW19\/20 Notre excursus sur les tissus techniques ne pouvait manquer de s&rsquo;arr\u00eater ici, sur un satin 100% polyester jaune fluo. La couleur unie monobloc met en valeur les lignes essentielles de nos produits, soulign\u00e9es encore plus par le contraste des bordures et des finitions noires.<div class=\"woocommerce columns-3 \"><ul class=\"products columns-3\">\n<li class=\"product type-product post-42902 status-publish first instock product_cat-cache-pots product_cat-cache-pots-taille-m product_cat-maison product_cat-promo-fr product_tag-fluo-fr has-post-thumbnail sale shipping-taxable purchasable product-type-simple\">\n\t<a href=\"https:\/\/www.pijama.it\/fr\/produit\/cache-pots-taille-m-fluo\/\" class=\"woocommerce-LoopProduct-link woocommerce-loop-product__link\">\n\t<span class=\"onsale\">Promo\u00a0!<\/span>\n\t<span class=\"et_shop_image\"><img width=\"800\" height=\"533\" src=\"https:\/\/www.pijama.it\/wp-content\/uploads\/2019\/12\/CAMFLUO-cachepot-800x533.jpg\" class=\"attachment-woocommerce_thumbnail size-woocommerce_thumbnail\" alt=\"Cache-Pots Taille M FluoCache-Pots Taille M Fluo\" decoding=\"async\" loading=\"lazy\" srcset=\"https:\/\/www.pijama.it\/wp-content\/uploads\/2019\/12\/CAMFLUO-cachepot-800x533.jpg 800w, https:\/\/www.pijama.it\/wp-content\/uploads\/2019\/12\/CAMFLUO-cachepot-480x320.jpg 480w\" sizes=\"(min-width: 0px) and (max-width: 480px) 480px, (min-width: 481px) 800px, 100vw\" title=\"Cache-Pots Taille M Fluo\" \/><span class=\"et_overlay\"><\/span><\/span><h2 class=\"woocommerce-loop-product__title\">Cache-Pots Taille M Fluo<\/h2>\n\t<span class=\"price\"><del aria-hidden=\"true\"><span class=\"woocommerce-Price-amount amount\"><bdi><span class=\"woocommerce-Price-currencySymbol\">&euro;<\/span>31.00<\/bdi><\/span><\/del> <span class=\"screen-reader-text\">Le prix initial \u00e9tait\u00a0: &euro;31.00.<\/span><ins aria-hidden=\"true\"><span class=\"woocommerce-Price-amount amount\"><bdi><span class=\"woocommerce-Price-currencySymbol\">&euro;<\/span>16.80<\/bdi><\/span><\/ins><span class=\"screen-reader-text\">Le prix actuel est\u00a0: &euro;16.80.<\/span><\/span>\n        <div itemprop=\"description\">\n            <p>Cache-Pots Taille M<\/p>\n        <\/div>\n\t<span class='attribut_header1'>Fluo<\/span><\/a><a href=\"?add-to-cart=42902\" aria-describedby=\"woocommerce_loop_add_to_cart_link_describedby_42902\" data-quantity=\"1\" class=\"button product_type_simple add_to_cart_button ajax_add_to_cart\" data-product_id=\"42902\" data-product_sku=\"CAMFLUO\" aria-label=\"Ajouter au panier\u00a0: &ldquo;Cache-Pots Taille M Fluo&rdquo;\" rel=\"nofollow\" data-success_message=\"\u00ab\u00a0Cache-Pots Taille M Fluo\u00a0\u00bb a \u00e9t\u00e9 ajout\u00e9 \u00e0 votre panier\">Ajouter au panier<\/a>\t<span id=\"woocommerce_loop_add_to_cart_link_describedby_42902\" class=\"screen-reader-text\">\n\t\t\t<\/span>\n<\/li>\n<\/ul>\n<\/div><\/p>\n","protected":false},"author":1,"featured_media":0,"parent":43364,"menu_order":0,"comment_status":"closed","ping_status":"closed","template":"","meta":{"_et_pb_use_builder":"on","_et_pb_old_content":"","_et_gb_content_width":"","footnotes":""},"class_list":["post-43430","page","type-page","status-publish","hentry"],"yoast_head":"<!-- This site is optimized with the Yoast SEO plugin v23.0 - https:\/\/yoast.com\/wordpress\/plugins\/seo\/ -->\n<title>FLUO - Pijama<\/title>\n<meta name=\"description\" content=\"FLUO - Pijama - D\u00e9couvrez tous les produits de FLUO\" \/>\n<meta name=\"robots\" content=\"index, follow, max-snippet:-1, max-image-preview:large, max-video-preview:-1\" \/>\n<link rel=\"canonical\" href=\"https:\/\/www.pijama.it\/fr\/collections\/fluo\/\" \/>\n<meta property=\"og:locale\" content=\"fr_FR\" \/>\n<meta property=\"og:type\" content=\"article\" \/>\n<meta property=\"og:title\" content=\"FLUO - Pijama\" \/>\n<meta property=\"og:description\" content=\"FLUO - Pijama - D\u00e9couvrez tous les produits de FLUO\" \/>\n<meta property=\"og:url\" content=\"https:\/\/www.pijama.it\/fr\/collections\/fluo\/\" \/>\n<meta property=\"og:site_name\" content=\"Pijama\" \/>\n<meta property=\"article:publisher\" content=\"https:\/\/www.facebook.com\/pijama.softcases\" \/>\n<meta property=\"article:modified_time\" content=\"2024-03-13T16:32:24+00:00\" \/>\n<meta name=\"twitter:card\" content=\"summary_large_image\" \/>\n<meta name=\"twitter:label1\" content=\"Dur\u00e9e de lecture estim\u00e9e\" \/>\n\t<meta name=\"twitter:data1\" content=\"1 minute\" \/>\n<script type=\"application\/ld+json\" class=\"yoast-schema-graph\">{\"@context\":\"https:\/\/schema.org\",\"@graph\":[{\"@type\":\"WebPage\",\"@id\":\"https:\/\/www.pijama.it\/fr\/collections\/fluo\/\",\"url\":\"https:\/\/www.pijama.it\/fr\/collections\/fluo\/\",\"name\":\"FLUO - Pijama\",\"isPartOf\":{\"@id\":\"https:\/\/www.pijama.it\/#website\"},\"datePublished\":\"2023-07-20T14:30:38+00:00\",\"dateModified\":\"2024-03-13T16:32:24+00:00\",\"description\":\"FLUO - Pijama - D\u00e9couvrez tous les produits de FLUO\",\"breadcrumb\":{\"@id\":\"https:\/\/www.pijama.it\/fr\/collections\/fluo\/#breadcrumb\"},\"inLanguage\":\"fr-FR\",\"potentialAction\":[{\"@type\":\"ReadAction\",\"target\":[\"https:\/\/www.pijama.it\/fr\/collections\/fluo\/\"]}]},{\"@type\":\"BreadcrumbList\",\"@id\":\"https:\/\/www.pijama.it\/fr\/collections\/fluo\/#breadcrumb\",\"itemListElement\":[{\"@type\":\"ListItem\",\"position\":1,\"name\":\"Home\",\"item\":\"https:\/\/www.pijama.it\/fr\/\"},{\"@type\":\"ListItem\",\"position\":2,\"name\":\"COLLECTIONS\",\"item\":\"https:\/\/www.pijama.it\/fr\/collections\/\"},{\"@type\":\"ListItem\",\"position\":3,\"name\":\"FLUO\"}]},{\"@type\":\"WebSite\",\"@id\":\"https:\/\/www.pijama.it\/#website\",\"url\":\"https:\/\/www.pijama.it\/\",\"name\":\"Pijama - Custodie e zaini in tessuto e neoprene\",\"description\":\"Pijama\",\"publisher\":{\"@id\":\"https:\/\/www.pijama.it\/#organization\"},\"alternateName\":\"Custodie e zaini in tessuto e neoprene\",\"potentialAction\":[{\"@type\":\"SearchAction\",\"target\":{\"@type\":\"EntryPoint\",\"urlTemplate\":\"https:\/\/www.pijama.it\/?s={search_term_string}\"},\"query-input\":\"required name=search_term_string\"}],\"inLanguage\":\"fr-FR\"},{\"@type\":\"Organization\",\"@id\":\"https:\/\/www.pijama.it\/#organization\",\"name\":\"Pijama\",\"alternateName\":\"Custodie e zaini in tessuto e neoprene\",\"url\":\"https:\/\/www.pijama.it\/\",\"logo\":{\"@type\":\"ImageObject\",\"inLanguage\":\"fr-FR\",\"@id\":\"https:\/\/www.pijama.it\/#\/schema\/logo\/image\/\",\"url\":\"https:\/\/www.pijama.it\/wp-content\/uploads\/2019\/11\/logo_payoff-1.png\",\"contentUrl\":\"https:\/\/www.pijama.it\/wp-content\/uploads\/2019\/11\/logo_payoff-1.png\",\"width\":160,\"height\":54,\"caption\":\"Pijama\"},\"image\":{\"@id\":\"https:\/\/www.pijama.it\/#\/schema\/logo\/image\/\"},\"sameAs\":[\"https:\/\/www.facebook.com\/pijama.softcases\",\"https:\/\/www.instagram.com\/pijamagram\/\",\"https:\/\/www.pinterest.it\/pijamamilano\/\"]}]}<\/script>\n<!-- \/ Yoast SEO plugin. -->","yoast_head_json":{"title":"FLUO - Pijama","description":"FLUO - Pijama - D\u00e9couvrez tous les produits de FLUO","robots":{"index":"index","follow":"follow","max-snippet":"max-snippet:-1","max-image-preview":"max-image-preview:large","max-video-preview":"max-video-preview:-1"},"canonical":"https:\/\/www.pijama.it\/fr\/collections\/fluo\/","og_locale":"fr_FR","og_type":"article","og_title":"FLUO - Pijama","og_description":"FLUO - Pijama - D\u00e9couvrez tous les produits de FLUO","og_url":"https:\/\/www.pijama.it\/fr\/collections\/fluo\/","og_site_name":"Pijama","article_publisher":"https:\/\/www.facebook.com\/pijama.softcases","article_modified_time":"2024-03-13T16:32:24+00:00","twitter_card":"summary_large_image","twitter_misc":{"Dur\u00e9e de lecture estim\u00e9e":"1 minute"},"schema":{"@context":"https:\/\/schema.org","@graph":[{"@type":"WebPage","@id":"https:\/\/www.pijama.it\/fr\/collections\/fluo\/","url":"https:\/\/www.pijama.it\/fr\/collections\/fluo\/","name":"FLUO - Pijama","isPartOf":{"@id":"https:\/\/www.pijama.it\/#website"},"datePublished":"2023-07-20T14:30:38+00:00","dateModified":"2024-03-13T16:32:24+00:00","description":"FLUO - Pijama - D\u00e9couvrez tous les produits de FLUO","breadcrumb":{"@id":"https:\/\/www.pijama.it\/fr\/collections\/fluo\/#breadcrumb"},"inLanguage":"fr-FR","potentialAction":[{"@type":"ReadAction","target":["https:\/\/www.pijama.it\/fr\/collections\/fluo\/"]}]},{"@type":"BreadcrumbList","@id":"https:\/\/www.pijama.it\/fr\/collections\/fluo\/#breadcrumb","itemListElement":[{"@type":"ListItem","position":1,"name":"Home","item":"https:\/\/www.pijama.it\/fr\/"},{"@type":"ListItem","position":2,"name":"COLLECTIONS","item":"https:\/\/www.pijama.it\/fr\/collections\/"},{"@type":"ListItem","position":3,"name":"FLUO"}]},{"@type":"WebSite","@id":"https:\/\/www.pijama.it\/#website","url":"https:\/\/www.pijama.it\/","name":"Pijama - Custodie e zaini in tessuto e neoprene","description":"Pijama","publisher":{"@id":"https:\/\/www.pijama.it\/#organization"},"alternateName":"Custodie e zaini in tessuto e neoprene","potentialAction":[{"@type":"SearchAction","target":{"@type":"EntryPoint","urlTemplate":"https:\/\/www.pijama.it\/?s={search_term_string}"},"query-input":"required name=search_term_string"}],"inLanguage":"fr-FR"},{"@type":"Organization","@id":"https:\/\/www.pijama.it\/#organization","name":"Pijama","alternateName":"Custodie e zaini in tessuto e neoprene","url":"https:\/\/www.pijama.it\/","logo":{"@type":"ImageObject","inLanguage":"fr-FR","@id":"https:\/\/www.pijama.it\/#\/schema\/logo\/image\/","url":"https:\/\/www.pijama.it\/wp-content\/uploads\/2019\/11\/logo_payoff-1.png","contentUrl":"https:\/\/www.pijama.it\/wp-content\/uploads\/2019\/11\/logo_payoff-1.png","width":160,"height":54,"caption":"Pijama"},"image":{"@id":"https:\/\/www.pijama.it\/#\/schema\/logo\/image\/"},"sameAs":["https:\/\/www.facebook.com\/pijama.softcases","https:\/\/www.instagram.com\/pijamagram\/","https:\/\/www.pinterest.it\/pijamamilano\/"]}]}},"_links":{"self":[{"href":"https:\/\/www.pijama.it\/fr\/wp-json\/wp\/v2\/pages\/43430","targetHints":{"allow":["GET"]}}],"collection":[{"href":"https:\/\/www.pijama.it\/fr\/wp-json\/wp\/v2\/pages"}],"about":[{"href":"https:\/\/www.pijama.it\/fr\/wp-json\/wp\/v2\/types\/page"}],"author":[{"embeddable":true,"href":"https:\/\/www.pijama.it\/fr\/wp-json\/wp\/v2\/users\/1"}],"replies":[{"embeddable":true,"href":"https:\/\/www.pijama.it\/fr\/wp-json\/wp\/v2\/comments?post=43430"}],"version-history":[{"count":1,"href":"https:\/\/www.pijama.it\/fr\/wp-json\/wp\/v2\/pages\/43430\/revisions"}],"predecessor-version":[{"id":47916,"href":"https:\/\/www.pijama.it\/fr\/wp-json\/wp\/v2\/pages\/43430\/revisions\/47916"}],"up":[{"embeddable":true,"href":"https:\/\/www.pijama.it\/fr\/wp-json\/wp\/v2\/pages\/43364"}],"wp:attachment":[{"href":"https:\/\/www.pijama.it\/fr\/wp-json\/wp\/v2\/media?parent=43430"}],"curies":[{"name":"wp","href":"https:\/\/api.w.org\/{rel}","templated":true}]}}