{"id":42964,"date":"2023-07-11T17:33:39","date_gmt":"2023-07-11T15:33:39","guid":{"rendered":"https:\/\/www.pijama.it\/qui-sommes-nous\/"},"modified":"2023-07-11T17:33:40","modified_gmt":"2023-07-11T15:33:40","slug":"qui-sommes-nous","status":"publish","type":"page","link":"https:\/\/www.pijama.it\/fr\/qui-sommes-nous\/","title":{"rendered":"Qui sommes-nous"},"content":{"rendered":"<p>[et_pb_section fb_built=\u00a0\u00bb1&Prime; fullwidth=\u00a0\u00bbon\u00a0\u00bb _builder_version=\u00a0\u00bb4.0.2&Prime;][et_pb_fullwidth_image src=\u00a0\u00bbhttps:\/\/www.pijama.it\/wp-content\/uploads\/2020\/08\/pijama-team_2020-3.jpg\u00a0\u00bb title_text=\u00a0\u00bbpijama-team_2020&Prime; _builder_version=\u00a0\u00bb4.5.1&Prime; hover_enabled=\u00a0\u00bb0&Prime;][\/et_pb_fullwidth_image][\/et_pb_section][et_pb_section fb_built=\u00a0\u00bb1&Prime; _builder_version=\u00a0\u00bb4.0.2&Prime; background_color=\u00a0\u00bb#fafafa\u00a0\u00bb][et_pb_row column_structure=\u00a0\u00bb1_5,3_5,1_5&Prime; _builder_version=\u00a0\u00bb4.0.2&Prime; width=\u00a0\u00bb90%\u00a0\u00bb max_width=\u00a0\u00bb1257px\u00a0\u00bb][et_pb_column type=\u00a0\u00bb1_5&Prime; _builder_version=\u00a0\u00bb4.0.2&Prime;][\/et_pb_column][et_pb_column type=\u00a0\u00bb3_5&Prime; _builder_version=\u00a0\u00bb4.0.2&Prime;][et_pb_text _builder_version=\u00a0\u00bb4.0.2&Prime; text_font=\u00a0\u00bbRubik||||||||\u00a0\u00bb text_font_size=\u00a0\u00bb64px\u00a0\u00bb header_font=\u00a0\u00bbRubik|500|||||||\u00a0\u00bb header_text_align=\u00a0\u00bbcenter\u00a0\u00bb header_text_color=\u00a0\u00bb#000000&Prime; header_font_size=\u00a0\u00bb50px\u00a0\u00bb header_line_height=\u00a0\u00bb1.2em\u00a0\u00bb header_2_font=\u00a0\u00bbRubik||||on|||#e02b20|\u00a0\u00bb]<\/p>\n<h1>QUI SOMMES-NOUS<\/h1>\n<p>[\/et_pb_text][\/et_pb_column][et_pb_column type=\u00a0\u00bb1_5&Prime; _builder_version=\u00a0\u00bb4.0.2&Prime;][\/et_pb_column][\/et_pb_row][et_pb_row column_structure=\u00a0\u00bb1_2,1_2&Prime; disabled_on=\u00a0\u00bbon|off|off\u00a0\u00bb _builder_version=\u00a0\u00bb4.5.1&Prime; width=\u00a0\u00bb90%\u00a0\u00bb max_width=\u00a0\u00bb1257px\u00a0\u00bb][et_pb_column type=\u00a0\u00bb1_2&Prime; _builder_version=\u00a0\u00bb4.0.2&Prime;][et_pb_divider show_divider=\u00a0\u00bboff\u00a0\u00bb _builder_version=\u00a0\u00bb4.0.2&Prime; height=\u00a0\u00bb150px\u00a0\u00bb][\/et_pb_divider][et_pb_text _builder_version=\u00a0\u00bb4.0.6&Prime; text_font=\u00a0\u00bbRubik||||||||\u00a0\u00bb text_font_size=\u00a0\u00bb48px\u00a0\u00bb header_font=\u00a0\u00bbRubik|500|||||||\u00a0\u00bb header_text_align=\u00a0\u00bbcenter\u00a0\u00bb header_text_color=\u00a0\u00bb#000000&Prime; header_font_size=\u00a0\u00bb50px\u00a0\u00bb header_line_height=\u00a0\u00bb1.2em\u00a0\u00bb header_2_font=\u00a0\u00bbRubik||||on|||rgba(0,0,0,0)|\u00a0\u00bb header_2_text_color=\u00a0\u00bb#000000&Prime; header_2_font_size=\u00a0\u00bb48px\u00a0\u00bb header_2_line_height=\u00a0\u00bb1.5em\u00a0\u00bb header_3_font=\u00a0\u00bbRubik||||on|||#e02b20|\u00a0\u00bb header_3_text_align=\u00a0\u00bbcenter\u00a0\u00bb header_3_text_color=\u00a0\u00bb#000000&Prime; header_3_font_size=\u00a0\u00bb28px\u00a0\u00bb custom_css_main_element=\u00a0\u00bbh2 {||  font-weight: 400;||}\u00a0\u00bb]<\/p>\n<h2 style=\"font-weight: 400;\">Lorsqu\u2019un ordinateur s&rsquo;endort, il lui faut Pijama!<br \/>\n<\/h2>\n<p>&nbsp;<\/p>\n<h3 style=\"font-weight: 400;\"><em><a href=\"https:\/\/www.pijama.it\/fr\/shop\">ACHETER<\/a><\/em><\/h3>\n<p>[\/et_pb_text][\/et_pb_column][et_pb_column type=\u00a0\u00bb1_2&Prime; _builder_version=\u00a0\u00bb4.0.2&Prime;][et_pb_blurb url=\u00a0\u00bb#\u00a0\u00bb image=\u00a0\u00bbhttps:\/\/www.pijama.it\/wp-content\/uploads\/2019\/11\/banner-half-1.jpg\u00a0\u00bb _builder_version=\u00a0\u00bb4.0.2&Prime; link_option_url=\u00a0\u00bb#\u00a0\u00bb]<\/p>\n<h3 class=\"widget-title\" style=\"text-align: center;\">\u00a0<\/h3>\n<div class=\"widget-icon\">\u00a0<\/div>\n<p>[\/et_pb_blurb][\/et_pb_column][\/et_pb_row][et_pb_row column_structure=\u00a0\u00bb1_2,1_2&Prime; disabled_on=\u00a0\u00bbon|off|off\u00a0\u00bb _builder_version=\u00a0\u00bb4.5.1&Prime; width=\u00a0\u00bb90%\u00a0\u00bb max_width=\u00a0\u00bb1257px\u00a0\u00bb][et_pb_column type=\u00a0\u00bb1_2&Prime; _builder_version=\u00a0\u00bb4.0.2&Prime;][et_pb_blurb url=\u00a0\u00bb#\u00a0\u00bb image=\u00a0\u00bbhttps:\/\/www.pijama.it\/wp-content\/uploads\/2019\/11\/banner-1-1.jpg\u00a0\u00bb _builder_version=\u00a0\u00bb4.0.2&Prime; link_option_url=\u00a0\u00bb#\u00a0\u00bb]<\/p>\n<h3 class=\"widget-title\" style=\"text-align: center;\">\u00a0<\/h3>\n<div class=\"widget-icon\">\u00a0<\/div>\n<p>[\/et_pb_blurb][\/et_pb_column][et_pb_column type=\u00a0\u00bb1_2&Prime; _builder_version=\u00a0\u00bb4.0.2&Prime;][et_pb_blurb url=\u00a0\u00bb#\u00a0\u00bb image=\u00a0\u00bbhttps:\/\/www.pijama.it\/wp-content\/uploads\/2019\/11\/banner-1-2.jpg\u00a0\u00bb _builder_version=\u00a0\u00bb4.0.2&Prime; link_option_url=\u00a0\u00bb#\u00a0\u00bb]<\/p>\n<h3 class=\"widget-title\" style=\"text-align: center;\">\u00a0<\/h3>\n<div class=\"widget-icon\">\u00a0<\/div>\n<p>[\/et_pb_blurb][\/et_pb_column][\/et_pb_row][et_pb_row column_structure=\u00a0\u00bb1_2,1_2&Prime; _builder_version=\u00a0\u00bb4.0.2&Prime; width=\u00a0\u00bb90%\u00a0\u00bb max_width=\u00a0\u00bb1257px\u00a0\u00bb][et_pb_column type=\u00a0\u00bb1_2&Prime; _builder_version=\u00a0\u00bb4.0.2&Prime;][et_pb_text _builder_version=\u00a0\u00bb4.5.1&Prime; text_font=\u00a0\u00bbRubik||||||||\u00a0\u00bb text_text_color=\u00a0\u00bb#b1ded3&Prime; text_font_size=\u00a0\u00bb26px\u00a0\u00bb text_line_height=\u00a0\u00bb2em\u00a0\u00bb text_font_size_tablet=\u00a0\u00bb\u00a0\u00bb text_font_size_phone=\u00a0\u00bb18px\u00a0\u00bb text_font_size_last_edited=\u00a0\u00bbon|phone\u00a0\u00bb text_orientation_tablet=\u00a0\u00bb\u00a0\u00bb text_orientation_phone=\u00a0\u00bbcenter\u00a0\u00bb text_orientation_last_edited=\u00a0\u00bbon|phone\u00a0\u00bb]<\/p>\n<p style=\"font-weight: 400;\">La marque Pijama est n\u00e9e en 2006 d&rsquo;une id\u00e9e de Monica Battistella, cr\u00e9atrice de mode et Sergio Gobbi, architecte et DJ, et s\u2019est sp\u00e9cialis\u00e9e au debut dans la cr\u00e9ation de housses souples de protection, pour disques vinyles et ordinateurs Apple et iPods.\n<\/p>\n<p>[\/et_pb_text][\/et_pb_column][et_pb_column type=\u00a0\u00bb1_2&Prime; _builder_version=\u00a0\u00bb4.0.2&Prime;][et_pb_text _builder_version=\u00a0\u00bb4.5.1&Prime; text_font=\u00a0\u00bbRubik||||||||\u00a0\u00bb text_text_color=\u00a0\u00bb#000000&Prime; text_font_size=\u00a0\u00bb26px\u00a0\u00bb text_line_height=\u00a0\u00bb2em\u00a0\u00bb text_font_size_tablet=\u00a0\u00bb\u00a0\u00bb text_font_size_phone=\u00a0\u00bb18px\u00a0\u00bb text_font_size_last_edited=\u00a0\u00bbon|phone\u00a0\u00bb text_orientation_tablet=\u00a0\u00bb\u00a0\u00bb text_orientation_phone=\u00a0\u00bbcenter\u00a0\u00bb text_orientation_last_edited=\u00a0\u00bbon|phone\u00a0\u00bb]<\/p>\n<p style=\"font-weight: 400;\">Au fil des ann\u00e9es, Pijama a \u00e9largi sa collection, proposant des sacs \u00e0 dos, des sacs, des pochettes et des chaussures du m\u00eame mat\u00e9riau, devenant un compagnon ins\u00e9parable des moments de d\u00e9tente \u00e0 la maison, en voyage et m\u00eame en v\u00e9lo.<\/p>\n<p>[\/et_pb_text][\/et_pb_column][\/et_pb_row][et_pb_row column_structure=\u00a0\u00bb1_2,1_2&Prime; _builder_version=\u00a0\u00bb4.0.2&Prime; width=\u00a0\u00bb90%\u00a0\u00bb max_width=\u00a0\u00bb1257px\u00a0\u00bb][et_pb_column type=\u00a0\u00bb1_2&Prime; _builder_version=\u00a0\u00bb4.0.2&Prime;][et_pb_blurb url=\u00a0\u00bb#\u00a0\u00bb image=\u00a0\u00bbhttps:\/\/www.pijama.it\/wp-content\/uploads\/2019\/11\/pijama-entrance.jpg\u00a0\u00bb _builder_version=\u00a0\u00bb4.0.2&Prime; link_option_url=\u00a0\u00bb#\u00a0\u00bb]<\/p>\n<h3 class=\"widget-title\" style=\"text-align: center;\">\u00a0<\/h3>\n<div class=\"widget-icon\">\u00a0<\/div>\n<p>[\/et_pb_blurb][\/et_pb_column][et_pb_column type=\u00a0\u00bb1_2&Prime; _builder_version=\u00a0\u00bb4.0.2&Prime;][et_pb_text _builder_version=\u00a0\u00bb4.5.1&Prime; text_font=\u00a0\u00bbRubik||||||||\u00a0\u00bb text_text_color=\u00a0\u00bb#000000&Prime; text_font_size=\u00a0\u00bb26px\u00a0\u00bb text_line_height=\u00a0\u00bb2em\u00a0\u00bb text_font_size_tablet=\u00a0\u00bb\u00a0\u00bb text_font_size_phone=\u00a0\u00bb18px\u00a0\u00bb text_font_size_last_edited=\u00a0\u00bbon|phone\u00a0\u00bb text_orientation_tablet=\u00a0\u00bb\u00a0\u00bb text_orientation_phone=\u00a0\u00bbcenter\u00a0\u00bb text_orientation_last_edited=\u00a0\u00bbon|phone\u00a0\u00bb]<\/p>\n<p style=\"font-weight: 400;\">Chaque produit Pijama est compos\u00e9 de trois couches: \u00e0 l&rsquo;int\u00e9rieur un jersey polyester noir, une mousse fa\u00e7on n\u00e9opr\u00e8ne au milieu et \u00e0 l&rsquo;ext\u00e9rieur du tissu qui donne l&rsquo;aspect final. Chaque mat\u00e9riau est le r\u00e9sultat d&rsquo;une recherche et d&rsquo;une curiosit\u00e9 pour l&rsquo;exp\u00e9rimentation cr\u00e9ative.<\/p>\n<p>[\/et_pb_text][\/et_pb_column][\/et_pb_row][et_pb_row column_structure=\u00a0\u00bb1_2,1_2&Prime; _builder_version=\u00a0\u00bb4.0.2&Prime; width=\u00a0\u00bb90%\u00a0\u00bb max_width=\u00a0\u00bb1257px\u00a0\u00bb][et_pb_column type=\u00a0\u00bb1_2&Prime; _builder_version=\u00a0\u00bb4.0.2&Prime;][et_pb_blurb url=\u00a0\u00bb#\u00a0\u00bb image=\u00a0\u00bbhttps:\/\/www.pijama.it\/wp-content\/uploads\/2019\/11\/pijama-kitchen.jpg\u00a0\u00bb _builder_version=\u00a0\u00bb4.0.2&Prime; link_option_url=\u00a0\u00bb#\u00a0\u00bb]<\/p>\n<h3 class=\"widget-title\" style=\"text-align: center;\">\u00a0<\/h3>\n<div class=\"widget-icon\">\u00a0<\/div>\n<p>[\/et_pb_blurb][\/et_pb_column][et_pb_column type=\u00a0\u00bb1_2&Prime; _builder_version=\u00a0\u00bb4.0.2&Prime;][et_pb_blurb url=\u00a0\u00bb#\u00a0\u00bb image=\u00a0\u00bbhttps:\/\/www.pijama.it\/wp-content\/uploads\/2019\/11\/pijama-camino_1.jpg\u00a0\u00bb _builder_version=\u00a0\u00bb4.0.2&Prime; link_option_url=\u00a0\u00bb#\u00a0\u00bb]<\/p>\n<h3 class=\"widget-title\" style=\"text-align: center;\">\u00a0<\/h3>\n<div class=\"widget-icon\">\u00a0<\/div>\n<p>[\/et_pb_blurb][\/et_pb_column][\/et_pb_row][et_pb_row _builder_version=\u00a0\u00bb4.0.2&Prime;][et_pb_column type=\u00a0\u00bb4_4&Prime; _builder_version=\u00a0\u00bb4.0.2&Prime;][et_pb_text _builder_version=\u00a0\u00bb4.5.1&Prime; text_font=\u00a0\u00bbRubik||||||||\u00a0\u00bb text_text_color=\u00a0\u00bb#000000&Prime; text_font_size=\u00a0\u00bb26px\u00a0\u00bb text_line_height=\u00a0\u00bb2em\u00a0\u00bb text_font_size_tablet=\u00a0\u00bb\u00a0\u00bb text_font_size_phone=\u00a0\u00bb18px\u00a0\u00bb text_font_size_last_edited=\u00a0\u00bbon|phone\u00a0\u00bb text_orientation_tablet=\u00a0\u00bb\u00a0\u00bb text_orientation_phone=\u00a0\u00bbcenter\u00a0\u00bb text_orientation_last_edited=\u00a0\u00bbon|phone\u00a0\u00bb]<\/p>\n<p style=\"font-weight: 400;\">Depuis 2010, le si\u00e8ge social de Pijama se trouve dans le quartier anim\u00e9 d&rsquo;Isola, le nouveau quartier branch\u00e9 de Milan. La d\u00e9coupe et l&#8217;emballage des produits sont effectu\u00e9s dans un laboratoire familial situ\u00e9 dans les collines de la Brianza, non loin du si\u00e8ge milanais. Pijama est d\u00e9sormais une boutique ouverte au public\u2026\n<\/p>\n<p style=\"font-weight: 400; text-align: center;\"><a href=\"https:\/\/goo.gl\/maps\/QzTwvd9DGXEGdziFA\" title=\"Pijama store\"><em>O\u00f9 sommes-nous!<\/em><\/a><\/p>\n<p>[\/et_pb_text][\/et_pb_column][\/et_pb_row][\/et_pb_section]<\/p>\n","protected":false},"excerpt":{"rendered":"<p>QUI SOMMES-NOUSLorsqu\u2019un ordinateur s&rsquo;endort, il lui faut Pijama! &nbsp; ACHETER\u00a0 \u00a0\u00a0 \u00a0\u00a0 \u00a0La marque Pijama est n\u00e9e en 2006 d&rsquo;une id\u00e9e de Monica Battistella, cr\u00e9atrice de mode et Sergio Gobbi, architecte et DJ, et s\u2019est sp\u00e9cialis\u00e9e au debut dans la cr\u00e9ation de housses souples de protection, pour disques vinyles et ordinateurs Apple et iPods. Au [&hellip;]<\/p>\n","protected":false},"author":1,"featured_media":0,"parent":0,"menu_order":0,"comment_status":"closed","ping_status":"closed","template":"","meta":{"_et_pb_use_builder":"on","_et_pb_old_content":"","_et_gb_content_width":"","footnotes":""},"class_list":["post-42964","page","type-page","status-publish","hentry"],"yoast_head":"<!-- This site is optimized with the Yoast SEO plugin v23.0 - https:\/\/yoast.com\/wordpress\/plugins\/seo\/ -->\n<title>Qui sommes-nous - Pijama<\/title>\n<meta name=\"description\" content=\"La marque Pijama est n\u00e9e en 2006 d&#039;une id\u00e9e de Monica Battistella, cr\u00e9atrice de mode et Sergio Gobbi, architecte et DJ, et s\u2019est sp\u00e9cialis\u00e9e au debut dans la cr\u00e9ation de housses souples de protection, pour disques vinyles et ordinateurs Apple et iPods.\" \/>\n<meta name=\"robots\" content=\"index, follow, max-snippet:-1, max-image-preview:large, max-video-preview:-1\" \/>\n<link rel=\"canonical\" href=\"https:\/\/www.pijama.it\/chi-siamo\/\" \/>\n<meta property=\"og:locale\" content=\"fr_FR\" \/>\n<meta property=\"og:type\" content=\"article\" \/>\n<meta property=\"og:title\" content=\"Qui sommes-nous - Pijama\" \/>\n<meta property=\"og:description\" content=\"La marque Pijama est n\u00e9e en 2006 d&#039;une id\u00e9e de Monica Battistella, cr\u00e9atrice de mode et Sergio Gobbi, architecte et DJ, et s\u2019est sp\u00e9cialis\u00e9e au debut dans la cr\u00e9ation de housses souples de protection, pour disques vinyles et ordinateurs Apple et iPods.\" \/>\n<meta property=\"og:url\" content=\"https:\/\/www.pijama.it\/chi-siamo\/\" \/>\n<meta property=\"og:site_name\" content=\"Pijama\" \/>\n<meta property=\"article:publisher\" content=\"https:\/\/www.facebook.com\/pijama.softcases\" \/>\n<meta property=\"article:modified_time\" content=\"2023-07-11T15:33:40+00:00\" \/>\n<meta name=\"twitter:card\" content=\"summary_large_image\" \/>\n<meta name=\"twitter:label1\" content=\"Dur\u00e9e de lecture estim\u00e9e\" \/>\n\t<meta name=\"twitter:data1\" content=\"5 minutes\" \/>\n<script type=\"application\/ld+json\" class=\"yoast-schema-graph\">{\"@context\":\"https:\/\/schema.org\",\"@graph\":[{\"@type\":\"WebPage\",\"@id\":\"https:\/\/www.pijama.it\/chi-siamo\/\",\"url\":\"https:\/\/www.pijama.it\/chi-siamo\/\",\"name\":\"Qui sommes-nous - Pijama\",\"isPartOf\":{\"@id\":\"https:\/\/www.pijama.it\/#website\"},\"datePublished\":\"2023-07-11T15:33:39+00:00\",\"dateModified\":\"2023-07-11T15:33:40+00:00\",\"description\":\"La marque Pijama est n\u00e9e en 2006 d'une id\u00e9e de Monica Battistella, cr\u00e9atrice de mode et Sergio Gobbi, architecte et DJ, et s\u2019est sp\u00e9cialis\u00e9e au debut dans la cr\u00e9ation de housses souples de protection, pour disques vinyles et ordinateurs Apple et iPods.\",\"breadcrumb\":{\"@id\":\"https:\/\/www.pijama.it\/chi-siamo\/#breadcrumb\"},\"inLanguage\":\"fr-FR\",\"potentialAction\":[{\"@type\":\"ReadAction\",\"target\":[\"https:\/\/www.pijama.it\/chi-siamo\/\"]}]},{\"@type\":\"BreadcrumbList\",\"@id\":\"https:\/\/www.pijama.it\/chi-siamo\/#breadcrumb\",\"itemListElement\":[{\"@type\":\"ListItem\",\"position\":1,\"name\":\"Home\",\"item\":\"https:\/\/www.pijama.it\/fr\/\"},{\"@type\":\"ListItem\",\"position\":2,\"name\":\"Qui sommes-nous\"}]},{\"@type\":\"WebSite\",\"@id\":\"https:\/\/www.pijama.it\/#website\",\"url\":\"https:\/\/www.pijama.it\/\",\"name\":\"Pijama - Custodie e zaini in tessuto e neoprene\",\"description\":\"Pijama\",\"publisher\":{\"@id\":\"https:\/\/www.pijama.it\/#organization\"},\"alternateName\":\"Custodie e zaini in tessuto e neoprene\",\"potentialAction\":[{\"@type\":\"SearchAction\",\"target\":{\"@type\":\"EntryPoint\",\"urlTemplate\":\"https:\/\/www.pijama.it\/?s={search_term_string}\"},\"query-input\":\"required name=search_term_string\"}],\"inLanguage\":\"fr-FR\"},{\"@type\":\"Organization\",\"@id\":\"https:\/\/www.pijama.it\/#organization\",\"name\":\"Pijama\",\"alternateName\":\"Custodie e zaini in tessuto e neoprene\",\"url\":\"https:\/\/www.pijama.it\/\",\"logo\":{\"@type\":\"ImageObject\",\"inLanguage\":\"fr-FR\",\"@id\":\"https:\/\/www.pijama.it\/#\/schema\/logo\/image\/\",\"url\":\"https:\/\/www.pijama.it\/wp-content\/uploads\/2019\/11\/logo_payoff-1.png\",\"contentUrl\":\"https:\/\/www.pijama.it\/wp-content\/uploads\/2019\/11\/logo_payoff-1.png\",\"width\":160,\"height\":54,\"caption\":\"Pijama\"},\"image\":{\"@id\":\"https:\/\/www.pijama.it\/#\/schema\/logo\/image\/\"},\"sameAs\":[\"https:\/\/www.facebook.com\/pijama.softcases\",\"https:\/\/www.instagram.com\/pijamagram\/\",\"https:\/\/www.pinterest.it\/pijamamilano\/\"]}]}<\/script>\n<!-- \/ Yoast SEO plugin. -->","yoast_head_json":{"title":"Qui sommes-nous - Pijama","description":"La marque Pijama est n\u00e9e en 2006 d'une id\u00e9e de Monica Battistella, cr\u00e9atrice de mode et Sergio Gobbi, architecte et DJ, et s\u2019est sp\u00e9cialis\u00e9e au debut dans la cr\u00e9ation de housses souples de protection, pour disques vinyles et ordinateurs Apple et iPods.","robots":{"index":"index","follow":"follow","max-snippet":"max-snippet:-1","max-image-preview":"max-image-preview:large","max-video-preview":"max-video-preview:-1"},"canonical":"https:\/\/www.pijama.it\/chi-siamo\/","og_locale":"fr_FR","og_type":"article","og_title":"Qui sommes-nous - Pijama","og_description":"La marque Pijama est n\u00e9e en 2006 d'une id\u00e9e de Monica Battistella, cr\u00e9atrice de mode et Sergio Gobbi, architecte et DJ, et s\u2019est sp\u00e9cialis\u00e9e au debut dans la cr\u00e9ation de housses souples de protection, pour disques vinyles et ordinateurs Apple et iPods.","og_url":"https:\/\/www.pijama.it\/chi-siamo\/","og_site_name":"Pijama","article_publisher":"https:\/\/www.facebook.com\/pijama.softcases","article_modified_time":"2023-07-11T15:33:40+00:00","twitter_card":"summary_large_image","twitter_misc":{"Dur\u00e9e de lecture estim\u00e9e":"5 minutes"},"schema":{"@context":"https:\/\/schema.org","@graph":[{"@type":"WebPage","@id":"https:\/\/www.pijama.it\/chi-siamo\/","url":"https:\/\/www.pijama.it\/chi-siamo\/","name":"Qui sommes-nous - Pijama","isPartOf":{"@id":"https:\/\/www.pijama.it\/#website"},"datePublished":"2023-07-11T15:33:39+00:00","dateModified":"2023-07-11T15:33:40+00:00","description":"La marque Pijama est n\u00e9e en 2006 d'une id\u00e9e de Monica Battistella, cr\u00e9atrice de mode et Sergio Gobbi, architecte et DJ, et s\u2019est sp\u00e9cialis\u00e9e au debut dans la cr\u00e9ation de housses souples de protection, pour disques vinyles et ordinateurs Apple et iPods.","breadcrumb":{"@id":"https:\/\/www.pijama.it\/chi-siamo\/#breadcrumb"},"inLanguage":"fr-FR","potentialAction":[{"@type":"ReadAction","target":["https:\/\/www.pijama.it\/chi-siamo\/"]}]},{"@type":"BreadcrumbList","@id":"https:\/\/www.pijama.it\/chi-siamo\/#breadcrumb","itemListElement":[{"@type":"ListItem","position":1,"name":"Home","item":"https:\/\/www.pijama.it\/fr\/"},{"@type":"ListItem","position":2,"name":"Qui sommes-nous"}]},{"@type":"WebSite","@id":"https:\/\/www.pijama.it\/#website","url":"https:\/\/www.pijama.it\/","name":"Pijama - Custodie e zaini in tessuto e neoprene","description":"Pijama","publisher":{"@id":"https:\/\/www.pijama.it\/#organization"},"alternateName":"Custodie e zaini in tessuto e neoprene","potentialAction":[{"@type":"SearchAction","target":{"@type":"EntryPoint","urlTemplate":"https:\/\/www.pijama.it\/?s={search_term_string}"},"query-input":"required name=search_term_string"}],"inLanguage":"fr-FR"},{"@type":"Organization","@id":"https:\/\/www.pijama.it\/#organization","name":"Pijama","alternateName":"Custodie e zaini in tessuto e neoprene","url":"https:\/\/www.pijama.it\/","logo":{"@type":"ImageObject","inLanguage":"fr-FR","@id":"https:\/\/www.pijama.it\/#\/schema\/logo\/image\/","url":"https:\/\/www.pijama.it\/wp-content\/uploads\/2019\/11\/logo_payoff-1.png","contentUrl":"https:\/\/www.pijama.it\/wp-content\/uploads\/2019\/11\/logo_payoff-1.png","width":160,"height":54,"caption":"Pijama"},"image":{"@id":"https:\/\/www.pijama.it\/#\/schema\/logo\/image\/"},"sameAs":["https:\/\/www.facebook.com\/pijama.softcases","https:\/\/www.instagram.com\/pijamagram\/","https:\/\/www.pinterest.it\/pijamamilano\/"]}]}},"_links":{"self":[{"href":"https:\/\/www.pijama.it\/fr\/wp-json\/wp\/v2\/pages\/42964","targetHints":{"allow":["GET"]}}],"collection":[{"href":"https:\/\/www.pijama.it\/fr\/wp-json\/wp\/v2\/pages"}],"about":[{"href":"https:\/\/www.pijama.it\/fr\/wp-json\/wp\/v2\/types\/page"}],"author":[{"embeddable":true,"href":"https:\/\/www.pijama.it\/fr\/wp-json\/wp\/v2\/users\/1"}],"replies":[{"embeddable":true,"href":"https:\/\/www.pijama.it\/fr\/wp-json\/wp\/v2\/comments?post=42964"}],"version-history":[{"count":0,"href":"https:\/\/www.pijama.it\/fr\/wp-json\/wp\/v2\/pages\/42964\/revisions"}],"wp:attachment":[{"href":"https:\/\/www.pijama.it\/fr\/wp-json\/wp\/v2\/media?parent=42964"}],"curies":[{"name":"wp","href":"https:\/\/api.w.org\/{rel}","templated":true}]}}